{"id":1486,"date":"2024-12-26T02:21:57","date_gmt":"2024-12-26T02:21:57","guid":{"rendered":"https:\/\/shkeling.com.cn\/?post_type=product&#038;p=1486"},"modified":"2024-12-26T02:30:30","modified_gmt":"2024-12-26T02:30:30","slug":"medication-medical-trolley-kl-tc005","status":"publish","type":"product","link":"https:\/\/shkeling.com.cn\/cs\/product\/medication-medical-trolley-kl-tc005\/","title":{"rendered":"L\u00e9ka\u0159sk\u00fd voz\u00edk na l\u00e9ky-KL-TC005"},"content":{"rendered":"<p>* Materi\u00e1l z technick\u00e9ho plastu ABS, siln\u00e1 v\u00e1\u017eivost, snadn\u00e9 \u010di\u0161t\u011bn\u00ed<\/p>\n<p>* Rozumn\u00e9 rozd\u011blen\u00ed pracovn\u00ed platformy<\/p>\n<p>*\u00dalo\u017en\u00fd prostor lze p\u0159izp\u016fsobit, p\u0159izp\u016fsobit a nastavit.<\/p>\n<p>* Kompletn\u00ed funkce, snadn\u00e9 ovl\u00e1d\u00e1n\u00ed<\/p>\n<p>*N\u011bm\u00e9 p\u00e1sy a kole\u010dka zaji\u0161\u0165uj\u00ed hladk\u00fd a bezpe\u010dn\u00fd provoz<\/p>\n<p>*R\u016fzn\u00e9 p\u0159\u00edslu\u0161enstv\u00ed, voliteln\u00e9<\/p>\n<p>P\u0159im\u011b\u0159en\u00e1 pracovn\u00ed platforma<\/p>\n<p>*Hlavn\u00ed pracovn\u00ed plo\u0161ina je vyrobena z materi\u00e1lu ABS s konk\u00e1vn\u00edm designem a st\u016fl je osazen m\u011bkk\u00fdm sklem.<\/p>\n<p>*Skryt\u00fd pomocn\u00fd pracovn\u00ed st\u016fl, na kter\u00fd lze do\u010dasn\u011b um\u00edstit p\u0159edm\u011bty<\/p>\n<p>*Na plo\u0161in\u011b defibril\u00e1toru lze um\u00edstit l\u00e9ka\u0159sk\u00e9 vybaven\u00ed, jako jsou notebooky nebo EKG testery.<\/p>\n<p>Flexibiln\u00ed \u00falo\u017en\u00fd prostor<\/p>\n<p>* Z\u00e1suvka m\u00e1 t\u0159i specifikace: velkou, st\u0159edn\u00ed a malou, s nastaviteln\u00fdmi p\u0159ep\u00e1\u017ekami uvnit\u0159, vybavenou centr\u00e1ln\u00edm z\u00e1mkem a vkl\u00e1dac\u00ed kartou.<\/p>\n<p>*\u00dalo\u017en\u00fd prostor je dostate\u010dn\u00fd, mno\u017estv\u00ed, styl a barvu lze p\u0159izp\u016fsobit<\/p>\n<p>Design detail\u016f<\/p>\n<p>*T\u0159\u00edn\u00e1sobn\u011b tich\u00e1 dr\u00e1ha zaji\u0161\u0165uje ti\u0161\u0161\u00ed a plynulej\u0161\u00ed provoz<\/p>\n<p>* Z\u00e1bradl\u00ed z nerezov\u00e9 oceli 304 zabra\u0148uj\u00edc\u00ed vypad\u00e1v\u00e1n\u00ed p\u0159edm\u011bt\u016f<\/p>\n<p>*Univerz\u00e1ln\u00ed tich\u00e1 kole\u010dka s funkc\u00ed brzdy<\/p>\n<p>Vysoce kvalitn\u00ed materi\u00e1l<\/p>\n<p>* Vyrobeno p\u0159ev\u00e1\u017en\u011b ze zes\u00edlen\u00e9ho technick\u00e9ho plastov\u00e9ho materi\u00e1lu ABS, snadno se \u010dist\u00ed.<\/p>\n<p>*Sloupek ze slitiny hlin\u00edku m\u00e1 vysokou pevnost, silnou nosnost a v\u011bt\u0161\u00ed stabilitu.<\/p>\n<p>Kompletn\u00ed p\u0159\u00edslu\u0161enstv\u00ed<\/p>\n<p>*6*4 oto\u010dn\u00fd h\u00e1kov\u00fd infuzn\u00ed stojan, v\u00fd\u0161kov\u011b nastaviteln\u00fd<\/p>\n<p>* Ko\u0161e, odpadkov\u00e9 ko\u0161e a rozbit\u00e9 kbel\u00edky na jehly mohou b\u00fdt vhodn\u00fdm \u00falo\u017ei\u0161t\u011bm pro drobn\u00fd a zdravotnick\u00fd odpad.<\/p>\n<p>*Defibrila\u010dn\u00ed p\u00e1dla a kysl\u00edkov\u00e9 lahve lze rozumn\u011b um\u00edstit na zadn\u00ed stranu a zav\u011bsit pro skladov\u00e1n\u00ed.<\/p>\n<p>* Dal\u0161\u00ed mo\u017enosti: kartot\u00e9ka, z\u00e1sobn\u00edk na l\u00e9ky, z\u00e1suvka atd.<\/p>\n<p>Specifikace zdravotnick\u00e9ho voz\u00edku lze p\u0159izp\u016fsobit pot\u0159eb\u00e1m u\u017eivatele, nap\u0159.:<\/p>\n<p>\u25a0 Funkce v\u00fdrobku: z\u00e1chran\u00e1\u0159sk\u00e9 vozidlo, vozidlo pro rozvoz l\u00e9k\u016f, anesteziologick\u00e9 vozidlo, vozidlo pro p\u0159evoz ne\u010distot atd.<\/p>\n<p>\u25a0 Velikost v\u00fdrobku: k dispozici jsou r\u016fzn\u00e9 velikosti<\/p>\n<p>\u25a0 Materi\u00e1l v\u00fdrobku: plastov\u00e1 ocel, ABS, nerezov\u00e1 ocel<\/p>\n<p>\u25a0 Barva v\u00fdrobku: modr\u00e1, \u017elut\u00e1, \u010derven\u00e1, barevn\u00e1 atd.<\/p>\n<p>\u25a0 V\u00fdb\u011br p\u0159\u00edslu\u0161enstv\u00ed: defibrila\u010dn\u00ed lopatka, ko\u0161, kbel\u00edk na ne\u010distoty, box na piln\u00edky atd.<\/p>\n<p>Pro v\u00edce informac\u00ed o produktu n\u00e1s pros\u00edm kontaktujte!<\/p>\n<table class=\"wp-list-table widefat fixed striped table-view-list forms\">\n<tbody id=\"the-list\" data-wp-lists=\"list:form\">\n<tr>\n<td class=\"shortcode column-shortcode\" data-colname=\"Shortcode\"><div class=\"wpforms-container wpforms-container-full wpforms-render-modern\" id=\"wpforms-1562\"><form id=\"wpforms-form-1562\" class=\"wpforms-validate wpforms-form wpforms-ajax-form\" data-formid=\"1562\" method=\"post\" enctype=\"multipart\/form-data\" action=\"\/cs\/wp-json\/wp\/v2\/product\/1486\" data-token=\"235dae0c1b6bbe96b3ae7d8166ae6661\" data-trp-original-action=\"\/cs\/wp-json\/wp\/v2\/product\/1486\"><noscript class=\"wpforms-error-noscript\">Chcete-li vyplnit tento formul\u00e1\u0159, pros\u00edm povolte v prohl\u00ed\u017ee\u010di JavaScript.<\/noscript><div class=\"wpforms-hidden\" id=\"wpforms-error-noscript\">Chcete-li vyplnit tento formul\u00e1\u0159, pros\u00edm povolte v prohl\u00ed\u017ee\u010di JavaScript.<\/div><div class=\"wpforms-field-container\"><div id=\"wpforms-1562-field_1-container\" class=\"wpforms-field wpforms-field-layout\" data-field-id=\"1\"><label class=\"wpforms-field-label wpforms-label-hide\" for=\"wpforms-1562-field_1\" aria-hidden=\"false\">Rozlo\u017een\u00ed<\/label><div class=\"wpforms-field-layout-columns wpforms-field-layout-preset-50-50\"><div class=\"wpforms-layout-column wpforms-layout-column-50\"><div id=\"wpforms-1562-field_2-container\" class=\"wpforms-field wpforms-field-name\" data-field-id=\"2\"><label class=\"wpforms-field-label\" for=\"wpforms-1562-field_2\">N\u00e1zev <span class=\"wpforms-required-label\" aria-hidden=\"true\">*<\/span><\/label><input type=\"text\" id=\"wpforms-1562-field_2\" class=\"wpforms-field-medium wpforms-field-required\" name=\"wpforms[fields][2]\" aria-errormessage=\"wpforms-1562-field_2-error\" required><\/div><div id=\"wpforms-1562-field_5-container\" class=\"wpforms-field wpforms-field-phone\" data-field-id=\"5\"><label class=\"wpforms-field-label\" for=\"wpforms-1562-field_5\">Telefon \/ WhatsApp <span class=\"wpforms-required-label\" aria-hidden=\"true\">*<\/span><\/label><input type=\"tel\" id=\"wpforms-1562-field_5\" class=\"wpforms-field-medium wpforms-field-required\" data-rule-int-phone-field=\"true\" name=\"wpforms[fields][5]\" aria-errormessage=\"wpforms-1562-field_5-error\" required><\/div><\/div><div class=\"wpforms-layout-column wpforms-layout-column-50\"><div id=\"wpforms-1562-field_3-container\" class=\"wpforms-field wpforms-field-email\" data-field-id=\"3\"><label class=\"wpforms-field-label\" for=\"wpforms-1562-field_3\">E-mail <span class=\"wpforms-required-label\" aria-hidden=\"true\">*<\/span><\/label><input type=\"email\" id=\"wpforms-1562-field_3\" class=\"wpforms-field-medium wpforms-field-required\" name=\"wpforms[fields][3]\" spellcheck=\"false\" aria-errormessage=\"wpforms-1562-field_3-error\" required><\/div><div id=\"wpforms-1562-field_4-container\" class=\"wpforms-field wpforms-field-text\" data-field-id=\"4\"><label class=\"wpforms-field-label\" for=\"wpforms-1562-field_4\">Dotaz<\/label><input type=\"text\" id=\"wpforms-1562-field_4\" class=\"wpforms-field-medium\" name=\"wpforms[fields][4]\" aria-errormessage=\"wpforms-1562-field_4-error\" ><\/div><\/div><\/div><\/div><\/div><!-- .wpforms-field-container --><div class=\"wpforms-recaptcha-container wpforms-is-turnstile\" ><div class=\"g-recaptcha\" data-sitekey=\"0x4AAAAAAAyrnCk3ccFGBLIG\" data-action=\"FormID-1562\"><\/div><input type=\"text\" name=\"g-recaptcha-hidden\" class=\"wpforms-recaptcha-hidden\" style=\"position:absolute!important;clip:rect(0,0,0,0)!important;height:1px!important;width:1px!important;border:0!important;overflow:hidden!important;padding:0!important;margin:0!important;\" data-rule-turnstile=\"1\"><\/div><div class=\"wpforms-submit-container\" ><input type=\"hidden\" name=\"wpforms[id]\" value=\"1562\"><input type=\"hidden\" name=\"wpforms[author]\" value=\"1\"><button type=\"submit\" name=\"wpforms[submit]\" id=\"wpforms-submit-1562\" class=\"wpforms-submit\" data-alt-text=\"Sending...\" data-submit-text=\"Send Inquiry\" aria-live=\"assertive\" value=\"wpforms-submit\">Odeslat popt\u00e1vku<\/button><img decoding=\"async\" src=\"https:\/\/shkeling.com.cn\/wp-content\/plugins\/wpforms\/assets\/images\/submit-spin.svg\" class=\"wpforms-submit-spinner\" style=\"display: none;\" width=\"26\" height=\"26\" alt=\"Na\u010d\u00edt\u00e1n\u00ed\"><\/div><input type=\"hidden\" name=\"trp-form-language\" value=\"cs\"\/><\/form><\/div>  <!-- .wpforms-container --><\/td>\n<\/tr>\n<\/tbody>\n<\/table>","protected":false},"excerpt":{"rendered":"<div>\n<table border=\"1\" cellspacing=\"0\">\n<tbody>\n<tr>\n<td height=\"20\">Pracovn\u00ed plocha\uff1a3<\/td>\n<\/tr>\n<tr>\n<td height=\"20\">\u00dalo\u017en\u00fd prostor lze p\u0159izp\u016fsobit: velk\u00fd, st\u0159edn\u00ed, mal\u00fd atd.<\/td>\n<\/tr>\n<tr>\n<td height=\"20\">Infuzn\u00ed stojan s oto\u010dn\u00fdm h\u00e1kem 6*4\uff1a1<\/td>\n<\/tr>\n<tr>\n<td height=\"20\">Z\u00e1bradl\u00ed\uff1a1<\/td>\n<\/tr>\n<tr>\n<td height=\"20\">N\u011bm\u00e1 kole\u010dka\uff1a4 \uff082 z nich s brzdami\uff09.<\/td>\n<\/tr>\n<tr>\n<td height=\"20\">P\u0159\u00edslu\u0161enstv\u00ed lze p\u0159izp\u016fsobit: defibrila\u010dn\u00ed deska, ko\u0161, kbel\u00edk na ne\u010distoty atd.<\/td>\n<\/tr>\n<\/tbody>\n<\/table>\n<table class=\"wp-list-table widefat fixed striped table-view-list forms\">\n<tbody id=\"the-list\" data-wp-lists=\"list:form\">\n<tr>\n<td class=\"shortcode column-shortcode\" data-colname=\"Shortcode\">\n<div class=\"wpforms-container wpforms-container-full wpforms-render-modern\" id=\"wpforms-1562\">\n<form id=\"wpforms-form-1562\" class=\"wpforms-validate wpforms-form wpforms-ajax-form\" data-formid=\"1562\" method=\"post\" enctype=\"multipart\/form-data\" action=\"\/cs\/wp-json\/wp\/v2\/product\/1486\" data-token=\"235dae0c1b6bbe96b3ae7d8166ae6661\" data-trp-original-action=\"\/cs\/wp-json\/wp\/v2\/product\/1486\"><noscript class=\"wpforms-error-noscript\">Chcete-li vyplnit tento formul\u00e1\u0159, pros\u00edm povolte v prohl\u00ed\u017ee\u010di JavaScript.<\/noscript><\/p>\n<div class=\"wpforms-hidden\" id=\"wpforms-error-noscript\">Chcete-li vyplnit tento formul\u00e1\u0159, pros\u00edm povolte v prohl\u00ed\u017ee\u010di JavaScript.<\/div>\n<div class=\"wpforms-field-container\">\n<div id=\"wpforms-1562-field_1-container\" class=\"wpforms-field wpforms-field-layout\" data-field-id=\"1\"><label class=\"wpforms-field-label wpforms-label-hide\" for=\"wpforms-1562-field_1\" aria-hidden=\"false\">Rozlo\u017een\u00ed<\/label><\/p>\n<div class=\"wpforms-field-layout-columns wpforms-field-layout-preset-50-50\">\n<div class=\"wpforms-layout-column wpforms-layout-column-50\">\n<div id=\"wpforms-1562-field_2-container\" class=\"wpforms-field wpforms-field-name\" data-field-id=\"2\"><label class=\"wpforms-field-label\" for=\"wpforms-1562-field_2\">N\u00e1zev <span class=\"wpforms-required-label\" aria-hidden=\"true\">*<\/span><\/label><input type=\"text\" id=\"wpforms-1562-field_2\" class=\"wpforms-field-medium wpforms-field-required\" name=\"wpforms[fields][2]\" aria-errormessage=\"wpforms-1562-field_2-error\" required><\/div>\n<div id=\"wpforms-1562-field_5-container\" class=\"wpforms-field wpforms-field-phone\" data-field-id=\"5\"><label class=\"wpforms-field-label\" for=\"wpforms-1562-field_5\">Telefon \/ WhatsApp <span class=\"wpforms-required-label\" aria-hidden=\"true\">*<\/span><\/label><input type=\"tel\" id=\"wpforms-1562-field_5\" class=\"wpforms-field-medium wpforms-field-required\" data-rule-int-phone-field=\"true\" name=\"wpforms[fields][5]\" aria-errormessage=\"wpforms-1562-field_5-error\" required><\/div>\n<\/div>\n<div class=\"wpforms-layout-column wpforms-layout-column-50\">\n<div id=\"wpforms-1562-field_3-container\" class=\"wpforms-field wpforms-field-email\" data-field-id=\"3\"><label class=\"wpforms-field-label\" for=\"wpforms-1562-field_3\">E-mail <span class=\"wpforms-required-label\" aria-hidden=\"true\">*<\/span><\/label><input type=\"email\" id=\"wpforms-1562-field_3\" class=\"wpforms-field-medium wpforms-field-required\" name=\"wpforms[fields][3]\" spellcheck=\"false\" aria-errormessage=\"wpforms-1562-field_3-error\" required><\/div>\n<div id=\"wpforms-1562-field_4-container\" class=\"wpforms-field wpforms-field-text\" data-field-id=\"4\"><label class=\"wpforms-field-label\" for=\"wpforms-1562-field_4\">Dotaz<\/label><input type=\"text\" id=\"wpforms-1562-field_4\" class=\"wpforms-field-medium\" name=\"wpforms[fields][4]\" aria-errormessage=\"wpforms-1562-field_4-error\" ><\/div>\n<\/div>\n<\/div>\n<\/div>\n<\/div>\n<p><!-- .wpforms-field-container --><\/p>\n<div class=\"wpforms-recaptcha-container wpforms-is-turnstile\" >\n<div class=\"g-recaptcha\" data-sitekey=\"0x4AAAAAAAyrnCk3ccFGBLIG\" data-action=\"FormID-1562\"><\/div>\n<p><input type=\"text\" name=\"g-recaptcha-hidden\" class=\"wpforms-recaptcha-hidden\" style=\"position:absolute!important;clip:rect(0,0,0,0)!important;height:1px!important;width:1px!important;border:0!important;overflow:hidden!important;padding:0!important;margin:0!important;\" data-rule-turnstile=\"1\"><\/div>\n<div class=\"wpforms-submit-container\" ><input type=\"hidden\" name=\"wpforms[id]\" value=\"1562\"><input type=\"hidden\" name=\"wpforms[author]\" value=\"1\"><button type=\"submit\" name=\"wpforms[submit]\" id=\"wpforms-submit-1562\" class=\"wpforms-submit\" data-alt-text=\"Sending...\" data-submit-text=\"Send Inquiry\" aria-live=\"assertive\" value=\"wpforms-submit\">Odeslat popt\u00e1vku<\/button><img decoding=\"async\" src=\"https:\/\/shkeling.com.cn\/wp-content\/plugins\/wpforms\/assets\/images\/submit-spin.svg\" class=\"wpforms-submit-spinner\" style=\"display: none;\" width=\"26\" height=\"26\" alt=\"Na\u010d\u00edt\u00e1n\u00ed\"><\/div>\n<input type=\"hidden\" name=\"trp-form-language\" value=\"cs\"\/><\/form>\n<\/div>\n<p>  <!-- .wpforms-container --><\/td>\n<\/tr>\n<\/tbody>\n<\/table>\n<\/div>","protected":false},"featured_media":1513,"template":"","meta":{"site-sidebar-layout":"default","site-content-layout":"","ast-site-content-layout":"default","site-content-style":"default","site-sidebar-style":"default","ast-global-header-display":"","ast-banner-title-visibility":"","ast-main-header-display":"","ast-hfb-above-header-display":"","ast-hfb-below-header-display":"","ast-hfb-mobile-header-display":"","site-post-title":"","ast-breadcrumbs-content":"","ast-featured-img":"","footer-sml-layout":"","theme-transparent-header-meta":"","adv-header-id-meta":"","stick-header-meta":"","header-above-stick-meta":"","header-main-stick-meta":"","header-below-stick-meta":"","astra-migrate-meta-layouts":"default","ast-page-background-enabled":"default","ast-page-background-meta":{"desktop":{"background-color":"var(--ast-global-color-5)","background-image":"","background-repeat":"repeat","background-position":"center center","background-size":"auto","background-attachment":"scroll","background-type":"","background-media":"","overlay-type":"","overlay-color":"","overlay-opacity":"","overlay-gradient":""},"tablet":{"background-color":"","background-image":"","background-repeat":"repeat","background-position":"center center","background-size":"auto","background-attachment":"scroll","background-type":"","background-media":"","overlay-type":"","overlay-color":"","overlay-opacity":"","overlay-gradient":""},"mobile":{"background-color":"","background-image":"","background-repeat":"repeat","background-position":"center center","background-size":"auto","background-attachment":"scroll","background-type":"","background-media":"","overlay-type":"","overlay-color":"","overlay-opacity":"","overlay-gradient":""}},"ast-content-background-meta":{"desktop":{"background-color":"var(--ast-global-color-4)","background-image":"","background-repeat":"repeat","background-position":"center center","background-size":"auto","background-attachment":"scroll","background-type":"","background-media":"","overlay-type":"","overlay-color":"","overlay-opacity":"","overlay-gradient":""},"tablet":{"background-color":"var(--ast-global-color-4)","background-image":"","background-repeat":"repeat","background-position":"center center","background-size":"auto","background-attachment":"scroll","background-type":"","background-media":"","overlay-type":"","overlay-color":"","overlay-opacity":"","overlay-gradient":""},"mobile":{"background-color":"var(--ast-global-color-4)","background-image":"","background-repeat":"repeat","background-position":"center center","background-size":"auto","background-attachment":"scroll","background-type":"","background-media":"","overlay-type":"","overlay-color":"","overlay-opacity":"","overlay-gradient":""}}},"product_brand":[],"product_cat":[26],"product_tag":[],"class_list":{"0":"post-1486","1":"product","2":"type-product","3":"status-publish","4":"has-post-thumbnail","6":"product_cat-medical-trolley","7":"desktop-align-left","8":"tablet-align-left","9":"mobile-align-left","11":"first","12":"instock","13":"shipping-taxable","14":"product-type-simple"},"_links":{"self":[{"href":"https:\/\/shkeling.com.cn\/cs\/wp-json\/wp\/v2\/product\/1486","targetHints":{"allow":["GET"]}}],"collection":[{"href":"https:\/\/shkeling.com.cn\/cs\/wp-json\/wp\/v2\/product"}],"about":[{"href":"https:\/\/shkeling.com.cn\/cs\/wp-json\/wp\/v2\/types\/product"}],"wp:featuredmedia":[{"embeddable":true,"href":"https:\/\/shkeling.com.cn\/cs\/wp-json\/wp\/v2\/media\/1513"}],"wp:attachment":[{"href":"https:\/\/shkeling.com.cn\/cs\/wp-json\/wp\/v2\/media?parent=1486"}],"wp:term":[{"taxonomy":"product_brand","embeddable":true,"href":"https:\/\/shkeling.com.cn\/cs\/wp-json\/wp\/v2\/product_brand?post=1486"},{"taxonomy":"product_cat","embeddable":true,"href":"https:\/\/shkeling.com.cn\/cs\/wp-json\/wp\/v2\/product_cat?post=1486"},{"taxonomy":"product_tag","embeddable":true,"href":"https:\/\/shkeling.com.cn\/cs\/wp-json\/wp\/v2\/product_tag?post=1486"}],"curies":[{"name":"wp","href":"https:\/\/api.w.org\/{rel}","templated":true}]}}