{"id":1486,"date":"2024-12-26T02:21:57","date_gmt":"2024-12-26T02:21:57","guid":{"rendered":"https:\/\/shkeling.com.cn\/?post_type=product&#038;p=1486"},"modified":"2024-12-26T02:30:30","modified_gmt":"2024-12-26T02:30:30","slug":"arzneimittelwagen-kl-tc005","status":"publish","type":"product","link":"https:\/\/shkeling.com.cn\/de\/product\/arzneimittelwagen-kl-tc005\/","title":{"rendered":"Medizinischer Wagen f\u00fcr Medikamente - KL-TC005"},"content":{"rendered":"<p>*ABS-Kunststoff, hohe W\u00e4gekapazit\u00e4t, leicht zu reinigen<\/p>\n<p>* Angemessene Aufteilung der Arbeitsplattform<\/p>\n<p>*Stauraum kann individuell, flexibel und anpassbar gestaltet werden<\/p>\n<p>* Vollst\u00e4ndige Funktionen, einfach zu bedienen<\/p>\n<p>*D\u00e4mpfende Schienen und Rollen sorgen f\u00fcr einen reibungslosen und sicheren Betrieb<\/p>\n<p>*Vielf\u00e4ltiges Zubeh\u00f6r, optional<\/p>\n<p>Angemessene Arbeitsplattform<\/p>\n<p>*Die Hauptarbeitsplattform besteht aus ABS-Material mit einem konkaven Design, und der Tisch ist mit weichem Glas eingebettet<\/p>\n<p>*Versteckte Hilfswerkbank, auf der Gegenst\u00e4nde vor\u00fcbergehend abgelegt werden k\u00f6nnen<\/p>\n<p>*Die Defibrillatorplattform kann medizinische Ger\u00e4te wie Laptops oder EKG-Tester aufnehmen.<\/p>\n<p>Flexibler Stauraum<\/p>\n<p>*Die Schublade hat drei Gr\u00f6\u00dfen: gro\u00df, mittel und klein, mit verstellbaren F\u00e4chern im Inneren, ausgestattet mit Zentralverschluss und Einsteckkarte<\/p>\n<p>*Stauraum ist ausreichend, Anzahl, Stil und Farbe k\u00f6nnen individuell angepasst werden<\/p>\n<p>Detailgestaltung<\/p>\n<p>*Dreifach ger\u00e4uscharme Schiene macht den Betrieb leiser und reibungsloser<\/p>\n<p>*Gel\u00e4nder aus rostfreiem Stahl 304, um das Herausfallen von Gegenst\u00e4nden zu verhindern<\/p>\n<p>*Universelle ger\u00e4uscharme Rollen mit Bremsfunktion<\/p>\n<p>Hochwertiges Material<\/p>\n<p>* Haupts\u00e4chlich aus verdicktem ABS-Kunststoff hergestellt, leicht zu reinigen<\/p>\n<p>*Die S\u00e4ule aus einer Aluminiumlegierung hat eine hohe Festigkeit, eine starke Tragf\u00e4higkeit und mehr Stabilit\u00e4t<\/p>\n<p>Komplettes Zubeh\u00f6r<\/p>\n<p>*6*4 drehbarer Aufgussst\u00e4nder mit Haken, h\u00f6henverstellbar<\/p>\n<p>* K\u00f6rbe, M\u00fclleimer und zerbrochene Nadeleimer k\u00f6nnen sinnvollerweise zur Aufbewahrung von Verbrauchsmaterial und medizinischen Abf\u00e4llen verwendet werden.<\/p>\n<p>*Defibrillationselektroden und Sauerstoffflaschen k\u00f6nnen sinnvoll auf dem R\u00fccken platziert und zur Aufbewahrung aufgeh\u00e4ngt werden<\/p>\n<p>* Weitere Optionen: Ablagefach, Medikamentenablage, Steckdose usw.<\/p>\n<p>Die Spezifikationen des medizinischen Wagens k\u00f6nnen je nach den Bed\u00fcrfnissen des Benutzers angepasst werden, wie z. B.:<\/p>\n<p>\u25a0 Produktfunktion: Einsatzfahrzeug, Medikamentenlieferwagen, An\u00e4sthesiefahrzeug, Schmutzfahrzeug usw.<\/p>\n<p>\u25a0 Produktgr\u00f6\u00dfe: verschiedene Gr\u00f6\u00dfen sind verf\u00fcgbar<\/p>\n<p>\u25a0 Produktmaterial: Kunststoffstahl, ABS, rostfreier Stahl<\/p>\n<p>\u25a0 Produktfarbe: blau, gelb, rot, bunt, etc.<\/p>\n<p>\u25a0 Auswahl an Zubeh\u00f6r: Defibrillationspaddel, Korb, Schmutzeimer, Ablagebox, etc.<\/p>\n<p>F\u00fcr weitere Produktdetails, kontaktieren Sie uns bitte!<\/p>\n<table class=\"wp-list-table widefat fixed striped table-view-list forms\">\n<tbody id=\"the-list\" data-wp-lists=\"list:form\">\n<tr>\n<td class=\"shortcode column-shortcode\" data-colname=\"Shortcode\"><div class=\"wpforms-container wpforms-container-full wpforms-render-modern\" id=\"wpforms-1562\"><form id=\"wpforms-form-1562\" class=\"wpforms-validate wpforms-form wpforms-ajax-form\" data-formid=\"1562\" method=\"post\" enctype=\"multipart\/form-data\" action=\"\/de\/wp-json\/wp\/v2\/product\/1486\" data-token=\"08ffb3ed00eb1676caef5e6fa6f29d37\" data-trp-original-action=\"\/de\/wp-json\/wp\/v2\/product\/1486\"><noscript class=\"wpforms-error-noscript\">Bitte aktivieren Sie JavaScript in Ihrem Browser, um dieses Formular fertigzustellen.<\/noscript><div class=\"wpforms-hidden\" id=\"wpforms-error-noscript\">Bitte aktivieren Sie JavaScript in Ihrem Browser, um dieses Formular fertigzustellen.<\/div><div class=\"wpforms-field-container\"><div id=\"wpforms-1562-field_1-container\" class=\"wpforms-field wpforms-field-layout\" data-field-id=\"1\"><label class=\"wpforms-field-label wpforms-label-hide\" for=\"wpforms-1562-field_1\" aria-hidden=\"false\">Layout<\/label><div class=\"wpforms-field-layout-columns wpforms-field-layout-preset-50-50\"><div class=\"wpforms-layout-column wpforms-layout-column-50\"><div id=\"wpforms-1562-field_2-container\" class=\"wpforms-field wpforms-field-name\" data-field-id=\"2\"><label class=\"wpforms-field-label\" for=\"wpforms-1562-field_2\">Name <span class=\"wpforms-required-label\" aria-hidden=\"true\">*<\/span><\/label><input type=\"text\" id=\"wpforms-1562-field_2\" class=\"wpforms-field-medium wpforms-field-required\" name=\"wpforms[fields][2]\" aria-errormessage=\"wpforms-1562-field_2-error\" required><\/div><div id=\"wpforms-1562-field_5-container\" class=\"wpforms-field wpforms-field-phone\" data-field-id=\"5\"><label class=\"wpforms-field-label\" for=\"wpforms-1562-field_5\">Telefon\/WhatsApp <span class=\"wpforms-required-label\" aria-hidden=\"true\">*<\/span><\/label><input type=\"tel\" id=\"wpforms-1562-field_5\" class=\"wpforms-field-medium wpforms-field-required\" data-rule-int-phone-field=\"true\" name=\"wpforms[fields][5]\" aria-errormessage=\"wpforms-1562-field_5-error\" required><\/div><\/div><div class=\"wpforms-layout-column wpforms-layout-column-50\"><div id=\"wpforms-1562-field_3-container\" class=\"wpforms-field wpforms-field-email\" data-field-id=\"3\"><label class=\"wpforms-field-label\" for=\"wpforms-1562-field_3\">E-Mail <span class=\"wpforms-required-label\" aria-hidden=\"true\">*<\/span><\/label><input type=\"email\" id=\"wpforms-1562-field_3\" class=\"wpforms-field-medium wpforms-field-required\" name=\"wpforms[fields][3]\" spellcheck=\"false\" aria-errormessage=\"wpforms-1562-field_3-error\" required><\/div><div id=\"wpforms-1562-field_4-container\" class=\"wpforms-field wpforms-field-text\" data-field-id=\"4\"><label class=\"wpforms-field-label\" for=\"wpforms-1562-field_4\">Anfrage<\/label><input type=\"text\" id=\"wpforms-1562-field_4\" class=\"wpforms-field-medium\" name=\"wpforms[fields][4]\" aria-errormessage=\"wpforms-1562-field_4-error\" ><\/div><\/div><\/div><\/div><\/div><!-- .wpforms-field-container --><div class=\"wpforms-recaptcha-container wpforms-is-turnstile\" ><div class=\"g-recaptcha\" data-sitekey=\"0x4AAAAAAAyrnCk3ccFGBLIG\" data-action=\"FormID-1562\"><\/div><input type=\"text\" name=\"g-recaptcha-hidden\" class=\"wpforms-recaptcha-hidden\" style=\"position:absolute!important;clip:rect(0,0,0,0)!important;height:1px!important;width:1px!important;border:0!important;overflow:hidden!important;padding:0!important;margin:0!important;\" data-rule-turnstile=\"1\"><\/div><div class=\"wpforms-submit-container\" ><input type=\"hidden\" name=\"wpforms[id]\" value=\"1562\"><input type=\"hidden\" name=\"wpforms[author]\" value=\"1\"><button type=\"submit\" name=\"wpforms[submit]\" id=\"wpforms-submit-1562\" class=\"wpforms-submit\" data-alt-text=\"Sending...\" data-submit-text=\"Send Inquiry\" aria-live=\"assertive\" value=\"wpforms-submit\">Anfrage senden<\/button><img decoding=\"async\" src=\"https:\/\/shkeling.com.cn\/wp-content\/plugins\/wpforms\/assets\/images\/submit-spin.svg\" class=\"wpforms-submit-spinner\" style=\"display: none;\" width=\"26\" height=\"26\" alt=\"Wird geladen\"><\/div><input type=\"hidden\" name=\"trp-form-language\" value=\"de\"\/><\/form><\/div>  <!-- .wpforms-container --><\/td>\n<\/tr>\n<\/tbody>\n<\/table>","protected":false},"excerpt":{"rendered":"<div>\n<table border=\"1\" cellspacing=\"0\">\n<tbody>\n<tr>\n<td height=\"20\">Arbeitsfl\u00e4che\uff1a3<\/td>\n<\/tr>\n<tr>\n<td height=\"20\">Der Stauraum kann individuell angepasst werden: gro\u00df, mittel, klein, etc.<\/td>\n<\/tr>\n<tr>\n<td height=\"20\">6*4 drehbarer Haken Infusionsst\u00e4nder\uff1a1<\/td>\n<\/tr>\n<tr>\n<td height=\"20\">Leitplanke\uff1a1<\/td>\n<\/tr>\n<tr>\n<td height=\"20\">Stumme Rollen\uff1a4 \uff082 davon mit Bremsen\uff09<\/td>\n<\/tr>\n<tr>\n<td height=\"20\">Das Zubeh\u00f6r kann individuell angepasst werden: Defibrillationsplatte, Korb, Schmutzk\u00fcbel usw.<\/td>\n<\/tr>\n<\/tbody>\n<\/table>\n<table class=\"wp-list-table widefat fixed striped table-view-list forms\">\n<tbody id=\"the-list\" data-wp-lists=\"list:form\">\n<tr>\n<td class=\"shortcode column-shortcode\" data-colname=\"Shortcode\">\n<div class=\"wpforms-container wpforms-container-full wpforms-render-modern\" id=\"wpforms-1562\">\n<form id=\"wpforms-form-1562\" class=\"wpforms-validate wpforms-form wpforms-ajax-form\" data-formid=\"1562\" method=\"post\" enctype=\"multipart\/form-data\" action=\"\/de\/wp-json\/wp\/v2\/product\/1486\" data-token=\"08ffb3ed00eb1676caef5e6fa6f29d37\" data-trp-original-action=\"\/de\/wp-json\/wp\/v2\/product\/1486\"><noscript class=\"wpforms-error-noscript\">Bitte aktivieren Sie JavaScript in Ihrem Browser, um dieses Formular fertigzustellen.<\/noscript><\/p>\n<div class=\"wpforms-hidden\" id=\"wpforms-error-noscript\">Bitte aktivieren Sie JavaScript in Ihrem Browser, um dieses Formular fertigzustellen.<\/div>\n<div class=\"wpforms-field-container\">\n<div id=\"wpforms-1562-field_1-container\" class=\"wpforms-field wpforms-field-layout\" data-field-id=\"1\"><label class=\"wpforms-field-label wpforms-label-hide\" for=\"wpforms-1562-field_1\" aria-hidden=\"false\">Layout<\/label><\/p>\n<div class=\"wpforms-field-layout-columns wpforms-field-layout-preset-50-50\">\n<div class=\"wpforms-layout-column wpforms-layout-column-50\">\n<div id=\"wpforms-1562-field_2-container\" class=\"wpforms-field wpforms-field-name\" data-field-id=\"2\"><label class=\"wpforms-field-label\" for=\"wpforms-1562-field_2\">Name <span class=\"wpforms-required-label\" aria-hidden=\"true\">*<\/span><\/label><input type=\"text\" id=\"wpforms-1562-field_2\" class=\"wpforms-field-medium wpforms-field-required\" name=\"wpforms[fields][2]\" aria-errormessage=\"wpforms-1562-field_2-error\" required><\/div>\n<div id=\"wpforms-1562-field_5-container\" class=\"wpforms-field wpforms-field-phone\" data-field-id=\"5\"><label class=\"wpforms-field-label\" for=\"wpforms-1562-field_5\">Telefon\/WhatsApp <span class=\"wpforms-required-label\" aria-hidden=\"true\">*<\/span><\/label><input type=\"tel\" id=\"wpforms-1562-field_5\" class=\"wpforms-field-medium wpforms-field-required\" data-rule-int-phone-field=\"true\" name=\"wpforms[fields][5]\" aria-errormessage=\"wpforms-1562-field_5-error\" required><\/div>\n<\/div>\n<div class=\"wpforms-layout-column wpforms-layout-column-50\">\n<div id=\"wpforms-1562-field_3-container\" class=\"wpforms-field wpforms-field-email\" data-field-id=\"3\"><label class=\"wpforms-field-label\" for=\"wpforms-1562-field_3\">E-Mail <span class=\"wpforms-required-label\" aria-hidden=\"true\">*<\/span><\/label><input type=\"email\" id=\"wpforms-1562-field_3\" class=\"wpforms-field-medium wpforms-field-required\" name=\"wpforms[fields][3]\" spellcheck=\"false\" aria-errormessage=\"wpforms-1562-field_3-error\" required><\/div>\n<div id=\"wpforms-1562-field_4-container\" class=\"wpforms-field wpforms-field-text\" data-field-id=\"4\"><label class=\"wpforms-field-label\" for=\"wpforms-1562-field_4\">Anfrage<\/label><input type=\"text\" id=\"wpforms-1562-field_4\" class=\"wpforms-field-medium\" name=\"wpforms[fields][4]\" aria-errormessage=\"wpforms-1562-field_4-error\" ><\/div>\n<\/div>\n<\/div>\n<\/div>\n<\/div>\n<p><!-- .wpforms-field-container --><\/p>\n<div class=\"wpforms-recaptcha-container wpforms-is-turnstile\" >\n<div class=\"g-recaptcha\" data-sitekey=\"0x4AAAAAAAyrnCk3ccFGBLIG\" data-action=\"FormID-1562\"><\/div>\n<p><input type=\"text\" name=\"g-recaptcha-hidden\" class=\"wpforms-recaptcha-hidden\" style=\"position:absolute!important;clip:rect(0,0,0,0)!important;height:1px!important;width:1px!important;border:0!important;overflow:hidden!important;padding:0!important;margin:0!important;\" data-rule-turnstile=\"1\"><\/div>\n<div class=\"wpforms-submit-container\" ><input type=\"hidden\" name=\"wpforms[id]\" value=\"1562\"><input type=\"hidden\" name=\"wpforms[author]\" value=\"1\"><button type=\"submit\" name=\"wpforms[submit]\" id=\"wpforms-submit-1562\" class=\"wpforms-submit\" data-alt-text=\"Sending...\" data-submit-text=\"Send Inquiry\" aria-live=\"assertive\" value=\"wpforms-submit\">Anfrage senden<\/button><img decoding=\"async\" src=\"https:\/\/shkeling.com.cn\/wp-content\/plugins\/wpforms\/assets\/images\/submit-spin.svg\" class=\"wpforms-submit-spinner\" style=\"display: none;\" width=\"26\" height=\"26\" alt=\"Wird geladen\"><\/div>\n<input type=\"hidden\" name=\"trp-form-language\" value=\"de\"\/><\/form>\n<\/div>\n<p>  <!-- .wpforms-container --><\/td>\n<\/tr>\n<\/tbody>\n<\/table>\n<\/div>","protected":false},"featured_media":1513,"template":"","meta":{"site-sidebar-layout":"default","site-content-layout":"","ast-site-content-layout":"default","site-content-style":"default","site-sidebar-style":"default","ast-global-header-display":"","ast-banner-title-visibility":"","ast-main-header-display":"","ast-hfb-above-header-display":"","ast-hfb-below-header-display":"","ast-hfb-mobile-header-display":"","site-post-title":"","ast-breadcrumbs-content":"","ast-featured-img":"","footer-sml-layout":"","theme-transparent-header-meta":"","adv-header-id-meta":"","stick-header-meta":"","header-above-stick-meta":"","header-main-stick-meta":"","header-below-stick-meta":"","astra-migrate-meta-layouts":"default","ast-page-background-enabled":"default","ast-page-background-meta":{"desktop":{"background-color":"var(--ast-global-color-5)","background-image":"","background-repeat":"repeat","background-position":"center center","background-size":"auto","background-attachment":"scroll","background-type":"","background-media":"","overlay-type":"","overlay-color":"","overlay-opacity":"","overlay-gradient":""},"tablet":{"background-color":"","background-image":"","background-repeat":"repeat","background-position":"center center","background-size":"auto","background-attachment":"scroll","background-type":"","background-media":"","overlay-type":"","overlay-color":"","overlay-opacity":"","overlay-gradient":""},"mobile":{"background-color":"","background-image":"","background-repeat":"repeat","background-position":"center center","background-size":"auto","background-attachment":"scroll","background-type":"","background-media":"","overlay-type":"","overlay-color":"","overlay-opacity":"","overlay-gradient":""}},"ast-content-background-meta":{"desktop":{"background-color":"var(--ast-global-color-4)","background-image":"","background-repeat":"repeat","background-position":"center center","background-size":"auto","background-attachment":"scroll","background-type":"","background-media":"","overlay-type":"","overlay-color":"","overlay-opacity":"","overlay-gradient":""},"tablet":{"background-color":"var(--ast-global-color-4)","background-image":"","background-repeat":"repeat","background-position":"center center","background-size":"auto","background-attachment":"scroll","background-type":"","background-media":"","overlay-type":"","overlay-color":"","overlay-opacity":"","overlay-gradient":""},"mobile":{"background-color":"var(--ast-global-color-4)","background-image":"","background-repeat":"repeat","background-position":"center center","background-size":"auto","background-attachment":"scroll","background-type":"","background-media":"","overlay-type":"","overlay-color":"","overlay-opacity":"","overlay-gradient":""}}},"product_brand":[],"product_cat":[26],"product_tag":[],"class_list":{"0":"post-1486","1":"product","2":"type-product","3":"status-publish","4":"has-post-thumbnail","6":"product_cat-medical-trolley","7":"desktop-align-left","8":"tablet-align-left","9":"mobile-align-left","11":"first","12":"instock","13":"shipping-taxable","14":"product-type-simple"},"_links":{"self":[{"href":"https:\/\/shkeling.com.cn\/de\/wp-json\/wp\/v2\/product\/1486","targetHints":{"allow":["GET"]}}],"collection":[{"href":"https:\/\/shkeling.com.cn\/de\/wp-json\/wp\/v2\/product"}],"about":[{"href":"https:\/\/shkeling.com.cn\/de\/wp-json\/wp\/v2\/types\/product"}],"wp:featuredmedia":[{"embeddable":true,"href":"https:\/\/shkeling.com.cn\/de\/wp-json\/wp\/v2\/media\/1513"}],"wp:attachment":[{"href":"https:\/\/shkeling.com.cn\/de\/wp-json\/wp\/v2\/media?parent=1486"}],"wp:term":[{"taxonomy":"product_brand","embeddable":true,"href":"https:\/\/shkeling.com.cn\/de\/wp-json\/wp\/v2\/product_brand?post=1486"},{"taxonomy":"product_cat","embeddable":true,"href":"https:\/\/shkeling.com.cn\/de\/wp-json\/wp\/v2\/product_cat?post=1486"},{"taxonomy":"product_tag","embeddable":true,"href":"https:\/\/shkeling.com.cn\/de\/wp-json\/wp\/v2\/product_tag?post=1486"}],"curies":[{"name":"wp","href":"https:\/\/api.w.org\/{rel}","templated":true}]}}