{"id":2603,"date":"2025-01-03T03:36:53","date_gmt":"2025-01-03T03:36:53","guid":{"rendered":"https:\/\/shkeling.com.cn\/?post_type=product&#038;p=2603"},"modified":"2025-01-03T03:41:13","modified_gmt":"2025-01-03T03:41:13","slug":"elektrisches-schonheitsbett-kl-bc124","status":"publish","type":"product","link":"https:\/\/shkeling.com.cn\/de\/product\/elektrisches-schonheitsbett-kl-bc124\/","title":{"rendered":"Elektrisches Sch\u00f6nheitsbett-KL-BC124"},"content":{"rendered":"<p>Der Grundrahmen ist aus rostfreiem Stahl gefertigt<br \/>\nDie Matratze ist mit Kunstleder und hochdichtem Schwamm ummantelt und kann leicht gereinigt werden.<br \/>\nAusgestattet mit Edelstahl-Abwasserbecken und ein Paar von Bein Support\uff0c.<br \/>\nRahmen-Durchmesser\uff1a35*35mm<br \/>\nMatratzenh\u00f6he\uff1a60mm.<br \/>\nDichte der Matratze\uff1a30 kg\/m3.<br \/>\nBeckengr\u00f6\u00dfe\uff1a33x27x10cm.<br \/>\nTragf\u00e4higkeit\uff1a150kg.<\/p>\n<div class=\"wpforms-container wpforms-container-full wpforms-render-modern\" id=\"wpforms-1785\"><form id=\"wpforms-form-1785\" class=\"wpforms-validate wpforms-form wpforms-ajax-form\" data-formid=\"1785\" method=\"post\" enctype=\"multipart\/form-data\" action=\"\/de\/wp-json\/wp\/v2\/product\/2603\" data-token=\"582219612aaa714bb656d36cc3598248\" data-trp-original-action=\"\/de\/wp-json\/wp\/v2\/product\/2603\"><noscript class=\"wpforms-error-noscript\">Bitte aktivieren Sie JavaScript in Ihrem Browser, um dieses Formular fertigzustellen.<\/noscript><div class=\"wpforms-hidden\" id=\"wpforms-error-noscript\">Bitte aktivieren Sie JavaScript in Ihrem Browser, um dieses Formular fertigzustellen.<\/div><div class=\"wpforms-field-container\"><div id=\"wpforms-1785-field_1-container\" class=\"wpforms-field wpforms-field-layout\" data-field-id=\"1\"><label class=\"wpforms-field-label wpforms-label-hide\" for=\"wpforms-1785-field_1\" aria-hidden=\"false\">Layout<\/label><div class=\"wpforms-field-layout-columns wpforms-field-layout-preset-50-50\"><div class=\"wpforms-layout-column wpforms-layout-column-50\"><div id=\"wpforms-1785-field_2-container\" class=\"wpforms-field wpforms-field-name\" data-field-id=\"2\"><label class=\"wpforms-field-label\" for=\"wpforms-1785-field_2\">Name <span class=\"wpforms-required-label\" aria-hidden=\"true\">*<\/span><\/label><input type=\"text\" id=\"wpforms-1785-field_2\" class=\"wpforms-field-medium wpforms-field-required\" name=\"wpforms[fields][2]\" aria-errormessage=\"wpforms-1785-field_2-error\" required><\/div><div id=\"wpforms-1785-field_5-container\" class=\"wpforms-field wpforms-field-phone\" data-field-id=\"5\"><label class=\"wpforms-field-label\" for=\"wpforms-1785-field_5\">Telefon\/WhatsApp <span class=\"wpforms-required-label\" aria-hidden=\"true\">*<\/span><\/label><input type=\"tel\" id=\"wpforms-1785-field_5\" class=\"wpforms-field-medium wpforms-field-required\" data-rule-int-phone-field=\"true\" name=\"wpforms[fields][5]\" aria-errormessage=\"wpforms-1785-field_5-error\" required><\/div><\/div><div class=\"wpforms-layout-column wpforms-layout-column-50\"><div id=\"wpforms-1785-field_3-container\" class=\"wpforms-field wpforms-field-email\" data-field-id=\"3\"><label class=\"wpforms-field-label\" for=\"wpforms-1785-field_3\">E-Mail <span class=\"wpforms-required-label\" aria-hidden=\"true\">*<\/span><\/label><input type=\"email\" id=\"wpforms-1785-field_3\" class=\"wpforms-field-medium wpforms-field-required\" name=\"wpforms[fields][3]\" spellcheck=\"false\" aria-errormessage=\"wpforms-1785-field_3-error\" required><\/div><div id=\"wpforms-1785-field_4-container\" class=\"wpforms-field wpforms-field-text\" data-field-id=\"4\"><label class=\"wpforms-field-label\" for=\"wpforms-1785-field_4\">Anfrage<\/label><input type=\"text\" id=\"wpforms-1785-field_4\" class=\"wpforms-field-medium\" name=\"wpforms[fields][4]\" aria-errormessage=\"wpforms-1785-field_4-error\" ><\/div><\/div><\/div><\/div><\/div><!-- .wpforms-field-container --><div class=\"wpforms-recaptcha-container wpforms-is-turnstile\" ><div class=\"g-recaptcha\" data-sitekey=\"0x4AAAAAAAyrnCk3ccFGBLIG\" data-action=\"FormID-1785\"><\/div><input type=\"text\" name=\"g-recaptcha-hidden\" class=\"wpforms-recaptcha-hidden\" style=\"position:absolute!important;clip:rect(0,0,0,0)!important;height:1px!important;width:1px!important;border:0!important;overflow:hidden!important;padding:0!important;margin:0!important;\" data-rule-turnstile=\"1\"><\/div><div class=\"wpforms-submit-container\" ><input type=\"hidden\" name=\"wpforms[id]\" value=\"1785\"><input type=\"hidden\" name=\"wpforms[author]\" value=\"1\"><button type=\"submit\" name=\"wpforms[submit]\" id=\"wpforms-submit-1785\" class=\"wpforms-submit\" data-alt-text=\"Sending...\" data-submit-text=\"Send Inquiry\" aria-live=\"assertive\" value=\"wpforms-submit\">Anfrage senden<\/button><img decoding=\"async\" src=\"https:\/\/shkeling.com.cn\/wp-content\/plugins\/wpforms\/assets\/images\/submit-spin.svg\" class=\"wpforms-submit-spinner\" style=\"display: none;\" width=\"26\" height=\"26\" alt=\"Wird geladen\"><\/div><input type=\"hidden\" name=\"trp-form-language\" value=\"de\"\/><\/form><\/div>  <!-- .wpforms-container -->","protected":false},"excerpt":{"rendered":"<div>\n<table border=\"1\" cellspacing=\"0\">\n<tbody>\n<tr>\n<td colspan=\"2\" height=\"20\">Produktgr\u00f6\u00dfe\uff1a108*60*160cm(weitere Gr\u00f6\u00dfen sind optional)<\/td>\n<\/tr>\n<tr>\n<td height=\"20\">Material des Produkts\uff1a<\/td>\n<td height=\"20\">Verdicktes Stahlblech<\/td>\n<\/tr>\n<tr>\n<td height=\"20\">Gr\u00f6\u00dfe des Handlaufs\uff1a<\/td>\n<td height=\"20\">46cm<\/td>\n<\/tr>\n<tr>\n<td height=\"20\">H\u00f6he lfting\uff1a<\/td>\n<td height=\"20\">65-86cm<\/td>\n<\/tr>\n<tr>\n<td height=\"20\">Verstellbare R\u00fcckenlehne\uff1a<\/td>\n<td height=\"20\">0-70\u00b0<\/td>\n<\/tr>\n<tr>\n<td height=\"20\">Beineinstellung\uff1a<\/td>\n<td height=\"20\">0-70\u00b0<\/td>\n<\/tr>\n<tr>\n<td height=\"20\">Sch\u00f6nheitsbett\uff1a<\/td>\n<td height=\"20\">1St\u00fcck<\/td>\n<\/tr>\n<tr>\n<td height=\"20\">Intelligente Fernsteuerung\uff1a<\/td>\n<td height=\"20\">1 Satz<\/td>\n<\/tr>\n<tr>\n<td height=\"20\">Abnehmbare Kopfst\u00fctze\uff1a<\/td>\n<td height=\"20\">1 St\u00fcck<\/td>\n<\/tr>\n<tr>\n<td height=\"20\">Beinst\u00fctze\uff1a<\/td>\n<td height=\"20\">1 St\u00fcck<\/td>\n<\/tr>\n<tr>\n<td height=\"20\">Handl\u00e4ufe\uff1a<\/td>\n<td height=\"20\">2 St\u00fcck<\/td>\n<\/tr>\n<tr>\n<td height=\"20\">Motor\uff1a<\/td>\n<td height=\"20\">3 St\u00fcck<\/td>\n<\/tr>\n<tr>\n<td colspan=\"2\" height=\"20\">Optionale Fu\u00dfsteuerung, St\u00fctzst\u00fchle, etc.<\/td>\n<\/tr>\n<\/tbody>\n<\/table>\n<div class=\"wpforms-container wpforms-container-full wpforms-render-modern\" id=\"wpforms-1785\">\n<form id=\"wpforms-form-1785\" class=\"wpforms-validate wpforms-form wpforms-ajax-form\" data-formid=\"1785\" method=\"post\" enctype=\"multipart\/form-data\" action=\"\/de\/wp-json\/wp\/v2\/product\/2603\" data-token=\"582219612aaa714bb656d36cc3598248\" data-trp-original-action=\"\/de\/wp-json\/wp\/v2\/product\/2603\"><noscript class=\"wpforms-error-noscript\">Bitte aktivieren Sie JavaScript in Ihrem Browser, um dieses Formular fertigzustellen.<\/noscript><\/p>\n<div class=\"wpforms-hidden\" id=\"wpforms-error-noscript\">Bitte aktivieren Sie JavaScript in Ihrem Browser, um dieses Formular fertigzustellen.<\/div>\n<div class=\"wpforms-field-container\">\n<div id=\"wpforms-1785-field_1-container\" class=\"wpforms-field wpforms-field-layout\" data-field-id=\"1\"><label class=\"wpforms-field-label wpforms-label-hide\" for=\"wpforms-1785-field_1\" aria-hidden=\"false\">Layout<\/label><\/p>\n<div class=\"wpforms-field-layout-columns wpforms-field-layout-preset-50-50\">\n<div class=\"wpforms-layout-column wpforms-layout-column-50\">\n<div id=\"wpforms-1785-field_2-container\" class=\"wpforms-field wpforms-field-name\" data-field-id=\"2\"><label class=\"wpforms-field-label\" for=\"wpforms-1785-field_2\">Name <span class=\"wpforms-required-label\" aria-hidden=\"true\">*<\/span><\/label><input type=\"text\" id=\"wpforms-1785-field_2\" class=\"wpforms-field-medium wpforms-field-required\" name=\"wpforms[fields][2]\" aria-errormessage=\"wpforms-1785-field_2-error\" required><\/div>\n<div id=\"wpforms-1785-field_5-container\" class=\"wpforms-field wpforms-field-phone\" data-field-id=\"5\"><label class=\"wpforms-field-label\" for=\"wpforms-1785-field_5\">Telefon\/WhatsApp <span class=\"wpforms-required-label\" aria-hidden=\"true\">*<\/span><\/label><input type=\"tel\" id=\"wpforms-1785-field_5\" class=\"wpforms-field-medium wpforms-field-required\" data-rule-int-phone-field=\"true\" name=\"wpforms[fields][5]\" aria-errormessage=\"wpforms-1785-field_5-error\" required><\/div>\n<\/div>\n<div class=\"wpforms-layout-column wpforms-layout-column-50\">\n<div id=\"wpforms-1785-field_3-container\" class=\"wpforms-field wpforms-field-email\" data-field-id=\"3\"><label class=\"wpforms-field-label\" for=\"wpforms-1785-field_3\">E-Mail <span class=\"wpforms-required-label\" aria-hidden=\"true\">*<\/span><\/label><input type=\"email\" id=\"wpforms-1785-field_3\" class=\"wpforms-field-medium wpforms-field-required\" name=\"wpforms[fields][3]\" spellcheck=\"false\" aria-errormessage=\"wpforms-1785-field_3-error\" required><\/div>\n<div id=\"wpforms-1785-field_4-container\" class=\"wpforms-field wpforms-field-text\" data-field-id=\"4\"><label class=\"wpforms-field-label\" for=\"wpforms-1785-field_4\">Anfrage<\/label><input type=\"text\" id=\"wpforms-1785-field_4\" class=\"wpforms-field-medium\" name=\"wpforms[fields][4]\" aria-errormessage=\"wpforms-1785-field_4-error\" ><\/div>\n<\/div>\n<\/div>\n<\/div>\n<\/div>\n<p><!-- .wpforms-field-container --><\/p>\n<div class=\"wpforms-recaptcha-container wpforms-is-turnstile\" >\n<div class=\"g-recaptcha\" data-sitekey=\"0x4AAAAAAAyrnCk3ccFGBLIG\" data-action=\"FormID-1785\"><\/div>\n<p><input type=\"text\" name=\"g-recaptcha-hidden\" class=\"wpforms-recaptcha-hidden\" style=\"position:absolute!important;clip:rect(0,0,0,0)!important;height:1px!important;width:1px!important;border:0!important;overflow:hidden!important;padding:0!important;margin:0!important;\" data-rule-turnstile=\"1\"><\/div>\n<div class=\"wpforms-submit-container\" ><input type=\"hidden\" name=\"wpforms[id]\" value=\"1785\"><input type=\"hidden\" name=\"wpforms[author]\" value=\"1\"><button type=\"submit\" name=\"wpforms[submit]\" id=\"wpforms-submit-1785\" class=\"wpforms-submit\" data-alt-text=\"Sending...\" data-submit-text=\"Send Inquiry\" aria-live=\"assertive\" value=\"wpforms-submit\">Anfrage senden<\/button><img decoding=\"async\" src=\"https:\/\/shkeling.com.cn\/wp-content\/plugins\/wpforms\/assets\/images\/submit-spin.svg\" class=\"wpforms-submit-spinner\" style=\"display: none;\" width=\"26\" height=\"26\" alt=\"Wird geladen\"><\/div>\n<input type=\"hidden\" name=\"trp-form-language\" value=\"de\"\/><\/form>\n<\/div>\n<p>  <!-- .wpforms-container --><\/p>\n<\/div>","protected":false},"featured_media":2635,"template":"","meta":{"site-sidebar-layout":"default","site-content-layout":"","ast-site-content-layout":"default","site-content-style":"default","site-sidebar-style":"default","ast-global-header-display":"","ast-banner-title-visibility":"","ast-main-header-display":"","ast-hfb-above-header-display":"","ast-hfb-below-header-display":"","ast-hfb-mobile-header-display":"","site-post-title":"","ast-breadcrumbs-content":"","ast-featured-img":"","footer-sml-layout":"","theme-transparent-header-meta":"","adv-header-id-meta":"","stick-header-meta":"","header-above-stick-meta":"","header-main-stick-meta":"","header-below-stick-meta":"","astra-migrate-meta-layouts":"default","ast-page-background-enabled":"default","ast-page-background-meta":{"desktop":{"background-color":"var(--ast-global-color-5)","background-image":"","background-repeat":"repeat","background-position":"center center","background-size":"auto","background-attachment":"scroll","background-type":"","background-media":"","overlay-type":"","overlay-color":"","overlay-opacity":"","overlay-gradient":""},"tablet":{"background-color":"","background-image":"","background-repeat":"repeat","background-position":"center center","background-size":"auto","background-attachment":"scroll","background-type":"","background-media":"","overlay-type":"","overlay-color":"","overlay-opacity":"","overlay-gradient":""},"mobile":{"background-color":"","background-image":"","background-repeat":"repeat","background-position":"center center","background-size":"auto","background-attachment":"scroll","background-type":"","background-media":"","overlay-type":"","overlay-color":"","overlay-opacity":"","overlay-gradient":""}},"ast-content-background-meta":{"desktop":{"background-color":"var(--ast-global-color-4)","background-image":"","background-repeat":"repeat","background-position":"center center","background-size":"auto","background-attachment":"scroll","background-type":"","background-media":"","overlay-type":"","overlay-color":"","overlay-opacity":"","overlay-gradient":""},"tablet":{"background-color":"var(--ast-global-color-4)","background-image":"","background-repeat":"repeat","background-position":"center center","background-size":"auto","background-attachment":"scroll","background-type":"","background-media":"","overlay-type":"","overlay-color":"","overlay-opacity":"","overlay-gradient":""},"mobile":{"background-color":"var(--ast-global-color-4)","background-image":"","background-repeat":"repeat","background-position":"center center","background-size":"auto","background-attachment":"scroll","background-type":"","background-media":"","overlay-type":"","overlay-color":"","overlay-opacity":"","overlay-gradient":""}}},"product_brand":[],"product_cat":[40],"product_tag":[],"class_list":{"0":"post-2603","1":"product","2":"type-product","3":"status-publish","4":"has-post-thumbnail","6":"product_cat-gynecological-table","7":"desktop-align-left","8":"tablet-align-left","9":"mobile-align-left","11":"first","12":"instock","13":"shipping-taxable","14":"product-type-simple"},"_links":{"self":[{"href":"https:\/\/shkeling.com.cn\/de\/wp-json\/wp\/v2\/product\/2603","targetHints":{"allow":["GET"]}}],"collection":[{"href":"https:\/\/shkeling.com.cn\/de\/wp-json\/wp\/v2\/product"}],"about":[{"href":"https:\/\/shkeling.com.cn\/de\/wp-json\/wp\/v2\/types\/product"}],"wp:featuredmedia":[{"embeddable":true,"href":"https:\/\/shkeling.com.cn\/de\/wp-json\/wp\/v2\/media\/2635"}],"wp:attachment":[{"href":"https:\/\/shkeling.com.cn\/de\/wp-json\/wp\/v2\/media?parent=2603"}],"wp:term":[{"taxonomy":"product_brand","embeddable":true,"href":"https:\/\/shkeling.com.cn\/de\/wp-json\/wp\/v2\/product_brand?post=2603"},{"taxonomy":"product_cat","embeddable":true,"href":"https:\/\/shkeling.com.cn\/de\/wp-json\/wp\/v2\/product_cat?post=2603"},{"taxonomy":"product_tag","embeddable":true,"href":"https:\/\/shkeling.com.cn\/de\/wp-json\/wp\/v2\/product_tag?post=2603"}],"curies":[{"name":"wp","href":"https:\/\/api.w.org\/{rel}","templated":true}]}}