{"id":1488,"date":"2024-12-26T02:21:57","date_gmt":"2024-12-26T02:21:57","guid":{"rendered":"https:\/\/shkeling.com.cn\/?post_type=product&#038;p=1488"},"modified":"2024-12-26T02:30:50","modified_gmt":"2024-12-26T02:30:50","slug":"waste-medical-trolley-kl-tc007","status":"publish","type":"product","link":"https:\/\/shkeling.com.cn\/es\/producto\/waste-medical-trolley-kl-tc007\/","title":{"rendered":"Carro para residuos sanitarios-KL-TC007"},"content":{"rendered":"<p>*Material pl\u00e1stico de ingenier\u00eda ABS, gran capacidad de pesaje, f\u00e1cil de limpiar<\/p>\n<p>* Divisi\u00f3n razonable de la plataforma de trabajo<\/p>\n<p>*Espacio de almacenamiento personalizable, flexible y ajustable<\/p>\n<p>* Funciones completas, f\u00e1cil de manejar<\/p>\n<p>*Los ra\u00edles y las ruedas aseguran un funcionamiento suave y seguro<\/p>\n<p>*Variedad de accesorios, opcionales<\/p>\n<p>Plataforma de trabajo razonable<\/p>\n<p>*La plataforma de trabajo principal est\u00e1 hecha de material ABS, con un dise\u00f1o c\u00f3ncavo, y la mesa est\u00e1 incrustada con vidrio blando<\/p>\n<p>*Banco de trabajo auxiliar oculto, que puede colocar objetos temporalmente.<\/p>\n<p>*La plataforma del desfibrilador puede colocar equipos m\u00e9dicos como ordenadores port\u00e1tiles o comprobadores de ECG.<\/p>\n<p>Espacio de almacenamiento flexible<\/p>\n<p>*El caj\u00f3n tiene tres especificaciones de grande, mediano y peque\u00f1o, con divisiones ajustables en el interior, equipado con cerradura central y tarjeta de inserci\u00f3n<\/p>\n<p>*El espacio de almacenamiento es suficiente, la cantidad, el estilo y el color se pueden personalizar<\/p>\n<p>Dise\u00f1o detallado<\/p>\n<p>*La triple v\u00eda silenciosa hace que el funcionamiento sea m\u00e1s silencioso y suave<\/p>\n<p>*Barandilla de acero inoxidable 304 para evitar que se caigan los objetos<\/p>\n<p>*Ruedas silenciosas universales con funci\u00f3n de freno<\/p>\n<p>Material de alta calidad<\/p>\n<p>* Fabricado principalmente con material pl\u00e1stico de ingenier\u00eda ABS engrosado, f\u00e1cil de limpiar<\/p>\n<p>*La columna de aleaci\u00f3n de aluminio es muy resistente, tiene una gran capacidad de carga y es m\u00e1s estable.<\/p>\n<p>Accesorios completos<\/p>\n<p>*6*4 soporte de infusi\u00f3n con gancho giratorio, regulable en altura<\/p>\n<p>* Las cestas, las papeleras y los cubos de agujas rotos pueden almacenar razonablemente los art\u00edculos varios y los residuos m\u00e9dicos.<\/p>\n<p>*Las palas de desfibrilaci\u00f3n y las botellas de ox\u00edgeno pueden colocarse razonablemente en la parte posterior y colgarse para su almacenamiento.<\/p>\n<p>* M\u00e1s opciones: archivador, bandeja para medicinas, toma de corriente, etc.<\/p>\n<p>Las especificaciones del carro m\u00e9dico pueden personalizarse en funci\u00f3n de las necesidades del usuario, como:<\/p>\n<p>\u25a0 Funci\u00f3n del producto: veh\u00edculo de emergencia, veh\u00edculo de suministro de medicamentos, veh\u00edculo de anestesia, veh\u00edculo de suciedad, etc.<\/p>\n<p>\u25a0 Tama\u00f1o del producto: hay varios tama\u00f1os disponibles.<\/p>\n<p>\u25a0 Material del producto: acero pl\u00e1stico, ABS, acero inoxidable<\/p>\n<p>\u25a0 Color del producto: azul, amarillo, rojo, colorido, etc.<\/p>\n<p>\u25a0 Selecci\u00f3n de accesorios: pala de desfibrilaci\u00f3n, cesta, cubo de suciedad, caja de archivo, etc.<\/p>\n<p>Si desea m\u00e1s informaci\u00f3n, p\u00f3ngase en contacto con nosotros.<\/p>\n<table class=\"wp-list-table widefat fixed striped table-view-list forms\">\n<tbody id=\"the-list\" data-wp-lists=\"list:form\">\n<tr>\n<td class=\"shortcode column-shortcode\" data-colname=\"Shortcode\"><div class=\"wpforms-container wpforms-container-full wpforms-render-modern\" id=\"wpforms-1562\"><form id=\"wpforms-form-1562\" class=\"wpforms-validate wpforms-form wpforms-ajax-form\" data-formid=\"1562\" method=\"post\" enctype=\"multipart\/form-data\" action=\"\/es\/wp-json\/wp\/v2\/product\/1488\" data-token=\"08ffb3ed00eb1676caef5e6fa6f29d37\" data-trp-original-action=\"\/es\/wp-json\/wp\/v2\/product\/1488\"><noscript class=\"wpforms-error-noscript\">Por favor, active JavaScript en su navegador para completar este formulario.<\/noscript><div class=\"wpforms-hidden\" id=\"wpforms-error-noscript\">Por favor, active JavaScript en su navegador para completar este formulario.<\/div><div class=\"wpforms-field-container\"><div id=\"wpforms-1562-field_1-container\" class=\"wpforms-field wpforms-field-layout\" data-field-id=\"1\"><label class=\"wpforms-field-label wpforms-label-hide\" for=\"wpforms-1562-field_1\" aria-hidden=\"false\">Dise\u00f1o<\/label><div class=\"wpforms-field-layout-columns wpforms-field-layout-preset-50-50\"><div class=\"wpforms-layout-column wpforms-layout-column-50\"><div id=\"wpforms-1562-field_2-container\" class=\"wpforms-field wpforms-field-name\" data-field-id=\"2\"><label class=\"wpforms-field-label\" for=\"wpforms-1562-field_2\">Nombre <span class=\"wpforms-required-label\" aria-hidden=\"true\">*<\/span><\/label><input type=\"text\" id=\"wpforms-1562-field_2\" class=\"wpforms-field-medium wpforms-field-required\" name=\"wpforms[fields][2]\" aria-errormessage=\"wpforms-1562-field_2-error\" required><\/div><div id=\"wpforms-1562-field_5-container\" class=\"wpforms-field wpforms-field-phone\" data-field-id=\"5\"><label class=\"wpforms-field-label\" for=\"wpforms-1562-field_5\">Tel\u00e9fono\/WhatsApp <span class=\"wpforms-required-label\" aria-hidden=\"true\">*<\/span><\/label><input type=\"tel\" id=\"wpforms-1562-field_5\" class=\"wpforms-field-medium wpforms-field-required\" data-rule-int-phone-field=\"true\" name=\"wpforms[fields][5]\" aria-errormessage=\"wpforms-1562-field_5-error\" required><\/div><\/div><div class=\"wpforms-layout-column wpforms-layout-column-50\"><div id=\"wpforms-1562-field_3-container\" class=\"wpforms-field wpforms-field-email\" data-field-id=\"3\"><label class=\"wpforms-field-label\" for=\"wpforms-1562-field_3\">Correo electr\u00f3nico <span class=\"wpforms-required-label\" aria-hidden=\"true\">*<\/span><\/label><input type=\"email\" id=\"wpforms-1562-field_3\" class=\"wpforms-field-medium wpforms-field-required\" name=\"wpforms[fields][3]\" spellcheck=\"false\" aria-errormessage=\"wpforms-1562-field_3-error\" required><\/div><div id=\"wpforms-1562-field_4-container\" class=\"wpforms-field wpforms-field-text\" data-field-id=\"4\"><label class=\"wpforms-field-label\" for=\"wpforms-1562-field_4\">Consulta<\/label><input type=\"text\" id=\"wpforms-1562-field_4\" class=\"wpforms-field-medium\" name=\"wpforms[fields][4]\" aria-errormessage=\"wpforms-1562-field_4-error\" ><\/div><\/div><\/div><\/div><\/div><!-- .wpforms-field-container --><div class=\"wpforms-recaptcha-container wpforms-is-turnstile\" ><div class=\"g-recaptcha\" data-sitekey=\"0x4AAAAAAAyrnCk3ccFGBLIG\" data-action=\"FormID-1562\"><\/div><input type=\"text\" name=\"g-recaptcha-hidden\" class=\"wpforms-recaptcha-hidden\" style=\"position:absolute!important;clip:rect(0,0,0,0)!important;height:1px!important;width:1px!important;border:0!important;overflow:hidden!important;padding:0!important;margin:0!important;\" data-rule-turnstile=\"1\"><\/div><div class=\"wpforms-submit-container\" ><input type=\"hidden\" name=\"wpforms[id]\" value=\"1562\"><input type=\"hidden\" name=\"wpforms[author]\" value=\"1\"><button type=\"submit\" name=\"wpforms[submit]\" id=\"wpforms-submit-1562\" class=\"wpforms-submit\" data-alt-text=\"Sending...\" data-submit-text=\"Send Inquiry\" aria-live=\"assertive\" value=\"wpforms-submit\">Enviar consulta<\/button><img decoding=\"async\" src=\"https:\/\/shkeling.com.cn\/wp-content\/plugins\/wpforms\/assets\/images\/submit-spin.svg\" class=\"wpforms-submit-spinner\" style=\"display: none;\" width=\"26\" height=\"26\" alt=\"Cargando\"><\/div><input type=\"hidden\" name=\"trp-form-language\" value=\"es\"\/><\/form><\/div>  <!-- .wpforms-container --><\/td>\n<\/tr>\n<\/tbody>\n<\/table>","protected":false},"excerpt":{"rendered":"<div>\n<table border=\"1\" cellspacing=\"0\">\n<tbody>\n<tr>\n<td height=\"20\">Superficie de trabajo\uff1a3<\/td>\n<\/tr>\n<tr>\n<td height=\"20\">El espacio de almacenamiento puede personalizarse: grande, mediano, peque\u00f1o, etc.<\/td>\n<\/tr>\n<tr>\n<td height=\"20\">Soporte de infusi\u00f3n con gancho giratorio 6*4\uff1a1<\/td>\n<\/tr>\n<tr>\n<td height=\"20\">Barandilla\uff1a1<\/td>\n<\/tr>\n<tr>\n<td height=\"20\">Ruedas mudas\uff1a4 \uff082 de ellas con freno\uff09<\/td>\n<\/tr>\n<tr>\n<td height=\"20\">Accesorios personalizables: placa de desfibrilaci\u00f3n, cesta, cubo de suciedad, etc.<\/td>\n<\/tr>\n<\/tbody>\n<\/table>\n<table class=\"wp-list-table widefat fixed striped table-view-list forms\">\n<tbody id=\"the-list\" data-wp-lists=\"list:form\">\n<tr>\n<td class=\"shortcode column-shortcode\" data-colname=\"Shortcode\">\n<div class=\"wpforms-container wpforms-container-full wpforms-render-modern\" id=\"wpforms-1562\">\n<form id=\"wpforms-form-1562\" class=\"wpforms-validate wpforms-form wpforms-ajax-form\" data-formid=\"1562\" method=\"post\" enctype=\"multipart\/form-data\" action=\"\/es\/wp-json\/wp\/v2\/product\/1488\" data-token=\"08ffb3ed00eb1676caef5e6fa6f29d37\" data-trp-original-action=\"\/es\/wp-json\/wp\/v2\/product\/1488\"><noscript class=\"wpforms-error-noscript\">Por favor, active JavaScript en su navegador para completar este formulario.<\/noscript><\/p>\n<div class=\"wpforms-hidden\" id=\"wpforms-error-noscript\">Por favor, active JavaScript en su navegador para completar este formulario.<\/div>\n<div class=\"wpforms-field-container\">\n<div id=\"wpforms-1562-field_1-container\" class=\"wpforms-field wpforms-field-layout\" data-field-id=\"1\"><label class=\"wpforms-field-label wpforms-label-hide\" for=\"wpforms-1562-field_1\" aria-hidden=\"false\">Dise\u00f1o<\/label><\/p>\n<div class=\"wpforms-field-layout-columns wpforms-field-layout-preset-50-50\">\n<div class=\"wpforms-layout-column wpforms-layout-column-50\">\n<div id=\"wpforms-1562-field_2-container\" class=\"wpforms-field wpforms-field-name\" data-field-id=\"2\"><label class=\"wpforms-field-label\" for=\"wpforms-1562-field_2\">Nombre <span class=\"wpforms-required-label\" aria-hidden=\"true\">*<\/span><\/label><input type=\"text\" id=\"wpforms-1562-field_2\" class=\"wpforms-field-medium wpforms-field-required\" name=\"wpforms[fields][2]\" aria-errormessage=\"wpforms-1562-field_2-error\" required><\/div>\n<div id=\"wpforms-1562-field_5-container\" class=\"wpforms-field wpforms-field-phone\" data-field-id=\"5\"><label class=\"wpforms-field-label\" for=\"wpforms-1562-field_5\">Tel\u00e9fono\/WhatsApp <span class=\"wpforms-required-label\" aria-hidden=\"true\">*<\/span><\/label><input type=\"tel\" id=\"wpforms-1562-field_5\" class=\"wpforms-field-medium wpforms-field-required\" data-rule-int-phone-field=\"true\" name=\"wpforms[fields][5]\" aria-errormessage=\"wpforms-1562-field_5-error\" required><\/div>\n<\/div>\n<div class=\"wpforms-layout-column wpforms-layout-column-50\">\n<div id=\"wpforms-1562-field_3-container\" class=\"wpforms-field wpforms-field-email\" data-field-id=\"3\"><label class=\"wpforms-field-label\" for=\"wpforms-1562-field_3\">Correo electr\u00f3nico <span class=\"wpforms-required-label\" aria-hidden=\"true\">*<\/span><\/label><input type=\"email\" id=\"wpforms-1562-field_3\" class=\"wpforms-field-medium wpforms-field-required\" name=\"wpforms[fields][3]\" spellcheck=\"false\" aria-errormessage=\"wpforms-1562-field_3-error\" required><\/div>\n<div id=\"wpforms-1562-field_4-container\" class=\"wpforms-field wpforms-field-text\" data-field-id=\"4\"><label class=\"wpforms-field-label\" for=\"wpforms-1562-field_4\">Consulta<\/label><input type=\"text\" id=\"wpforms-1562-field_4\" class=\"wpforms-field-medium\" name=\"wpforms[fields][4]\" aria-errormessage=\"wpforms-1562-field_4-error\" ><\/div>\n<\/div>\n<\/div>\n<\/div>\n<\/div>\n<p><!-- .wpforms-field-container --><\/p>\n<div class=\"wpforms-recaptcha-container wpforms-is-turnstile\" >\n<div class=\"g-recaptcha\" data-sitekey=\"0x4AAAAAAAyrnCk3ccFGBLIG\" data-action=\"FormID-1562\"><\/div>\n<p><input type=\"text\" name=\"g-recaptcha-hidden\" class=\"wpforms-recaptcha-hidden\" style=\"position:absolute!important;clip:rect(0,0,0,0)!important;height:1px!important;width:1px!important;border:0!important;overflow:hidden!important;padding:0!important;margin:0!important;\" data-rule-turnstile=\"1\"><\/div>\n<div class=\"wpforms-submit-container\" ><input type=\"hidden\" name=\"wpforms[id]\" value=\"1562\"><input type=\"hidden\" name=\"wpforms[author]\" value=\"1\"><button type=\"submit\" name=\"wpforms[submit]\" id=\"wpforms-submit-1562\" class=\"wpforms-submit\" data-alt-text=\"Sending...\" data-submit-text=\"Send Inquiry\" aria-live=\"assertive\" value=\"wpforms-submit\">Enviar consulta<\/button><img decoding=\"async\" src=\"https:\/\/shkeling.com.cn\/wp-content\/plugins\/wpforms\/assets\/images\/submit-spin.svg\" class=\"wpforms-submit-spinner\" style=\"display: none;\" width=\"26\" height=\"26\" alt=\"Cargando\"><\/div>\n<input type=\"hidden\" name=\"trp-form-language\" value=\"es\"\/><\/form>\n<\/div>\n<p>  <!-- .wpforms-container --><\/td>\n<\/tr>\n<\/tbody>\n<\/table>\n<\/div>","protected":false},"featured_media":1521,"template":"","meta":{"site-sidebar-layout":"default","site-content-layout":"","ast-site-content-layout":"default","site-content-style":"default","site-sidebar-style":"default","ast-global-header-display":"","ast-banner-title-visibility":"","ast-main-header-display":"","ast-hfb-above-header-display":"","ast-hfb-below-header-display":"","ast-hfb-mobile-header-display":"","site-post-title":"","ast-breadcrumbs-content":"","ast-featured-img":"","footer-sml-layout":"","theme-transparent-header-meta":"","adv-header-id-meta":"","stick-header-meta":"","header-above-stick-meta":"","header-main-stick-meta":"","header-below-stick-meta":"","astra-migrate-meta-layouts":"default","ast-page-background-enabled":"default","ast-page-background-meta":{"desktop":{"background-color":"var(--ast-global-color-5)","background-image":"","background-repeat":"repeat","background-position":"center center","background-size":"auto","background-attachment":"scroll","background-type":"","background-media":"","overlay-type":"","overlay-color":"","overlay-opacity":"","overlay-gradient":""},"tablet":{"background-color":"","background-image":"","background-repeat":"repeat","background-position":"center center","background-size":"auto","background-attachment":"scroll","background-type":"","background-media":"","overlay-type":"","overlay-color":"","overlay-opacity":"","overlay-gradient":""},"mobile":{"background-color":"","background-image":"","background-repeat":"repeat","background-position":"center center","background-size":"auto","background-attachment":"scroll","background-type":"","background-media":"","overlay-type":"","overlay-color":"","overlay-opacity":"","overlay-gradient":""}},"ast-content-background-meta":{"desktop":{"background-color":"var(--ast-global-color-4)","background-image":"","background-repeat":"repeat","background-position":"center center","background-size":"auto","background-attachment":"scroll","background-type":"","background-media":"","overlay-type":"","overlay-color":"","overlay-opacity":"","overlay-gradient":""},"tablet":{"background-color":"var(--ast-global-color-4)","background-image":"","background-repeat":"repeat","background-position":"center center","background-size":"auto","background-attachment":"scroll","background-type":"","background-media":"","overlay-type":"","overlay-color":"","overlay-opacity":"","overlay-gradient":""},"mobile":{"background-color":"var(--ast-global-color-4)","background-image":"","background-repeat":"repeat","background-position":"center center","background-size":"auto","background-attachment":"scroll","background-type":"","background-media":"","overlay-type":"","overlay-color":"","overlay-opacity":"","overlay-gradient":""}}},"product_brand":[],"product_cat":[26],"product_tag":[],"class_list":{"0":"post-1488","1":"product","2":"type-product","3":"status-publish","4":"has-post-thumbnail","6":"product_cat-medical-trolley","7":"desktop-align-left","8":"tablet-align-left","9":"mobile-align-left","11":"first","12":"instock","13":"shipping-taxable","14":"product-type-simple"},"_links":{"self":[{"href":"https:\/\/shkeling.com.cn\/es\/wp-json\/wp\/v2\/product\/1488","targetHints":{"allow":["GET"]}}],"collection":[{"href":"https:\/\/shkeling.com.cn\/es\/wp-json\/wp\/v2\/product"}],"about":[{"href":"https:\/\/shkeling.com.cn\/es\/wp-json\/wp\/v2\/types\/product"}],"wp:featuredmedia":[{"embeddable":true,"href":"https:\/\/shkeling.com.cn\/es\/wp-json\/wp\/v2\/media\/1521"}],"wp:attachment":[{"href":"https:\/\/shkeling.com.cn\/es\/wp-json\/wp\/v2\/media?parent=1488"}],"wp:term":[{"taxonomy":"product_brand","embeddable":true,"href":"https:\/\/shkeling.com.cn\/es\/wp-json\/wp\/v2\/product_brand?post=1488"},{"taxonomy":"product_cat","embeddable":true,"href":"https:\/\/shkeling.com.cn\/es\/wp-json\/wp\/v2\/product_cat?post=1488"},{"taxonomy":"product_tag","embeddable":true,"href":"https:\/\/shkeling.com.cn\/es\/wp-json\/wp\/v2\/product_tag?post=1488"}],"curies":[{"name":"wp","href":"https:\/\/api.w.org\/{rel}","templated":true}]}}