{"id":2597,"date":"2025-01-03T03:36:53","date_gmt":"2025-01-03T03:36:53","guid":{"rendered":"https:\/\/shkeling.com.cn\/?post_type=product&#038;p=2597"},"modified":"2025-01-03T03:42:07","modified_gmt":"2025-01-03T03:42:07","slug":"electric-gynecological-bed-kl-2f","status":"publish","type":"product","link":"https:\/\/shkeling.com.cn\/fr\/product\/electric-gynecological-bed-kl-2f\/","title":{"rendered":"Lit gyn\u00e9cologique \u00e9lectrique-KL-2F"},"content":{"rendered":"<p>Caract\u00e9ristiques\uff1a<br \/>\n\u25c6 Le syst\u00e8me hydraulique \u00e9lectrique est de HOERBIGER (Allemagne)<br \/>\n\u25c6 Les diff\u00e9rentes actions sont contr\u00f4l\u00e9es par la t\u00e9l\u00e9commande manuelle et par l'ordinateur de poche.<br \/>\ncontr\u00f4leur au pied.<br \/>\n\u25c6 \u00c9quip\u00e9 d'un support de bras, il peut \u00eatre utilis\u00e9 comme garde-corps.<br \/>\nLe matelas est envelopp\u00e9 de cuir artificiel import\u00e9. Haute densit\u00e9<br \/>\nL'\u00e9ponge \u00e0 m\u00e9moire est form\u00e9e en une seule pi\u00e8ce, sans couture.<br \/>\n\u25c6 La base est fabriqu\u00e9e en ABS haute r\u00e9sistance, qui r\u00e9siste \u00e0 la corrosion<br \/>\net facile \u00e0 nettoyer.<br \/>\n\u25c6 \u00c9quip\u00e9 d'un bassin d'eaux us\u00e9es en acier inoxydable et d'autres accessoires.<br \/>\n\u25c6 Roulettes ultra-silencieuses avec freins pour faciliter le d\u00e9placement de la table d'obst\u00e9trique.<br \/>\n\u25c6 Design extra-large et stylis\u00e9, apparence \u00e9l\u00e9gante<br \/>\n\u25c6 La plaque de pied est amovible et d\u00e9montable.<br \/>\n\u25c6 \u00c9quip\u00e9 d'un support de jambe et d'une plaque de p\u00e9dale<\/p>\n<p>Accessoires\uff1a<br \/>\nUne paire de supports de bras, une paire de supports de jambes, une paire de p\u00e9dales, une paire de tiges de bras, un bassin d'eaux us\u00e9es en acier inoxydable,<br \/>\nune t\u00e9l\u00e9commande manuelle, un cordon d'alimentation<\/p>\n<div class=\"wpforms-container wpforms-container-full wpforms-render-modern\" id=\"wpforms-1785\"><form id=\"wpforms-form-1785\" class=\"wpforms-validate wpforms-form wpforms-ajax-form\" data-formid=\"1785\" method=\"post\" enctype=\"multipart\/form-data\" action=\"\/fr\/wp-json\/wp\/v2\/product\/2597\" data-token=\"582219612aaa714bb656d36cc3598248\" data-trp-original-action=\"\/fr\/wp-json\/wp\/v2\/product\/2597\"><noscript class=\"wpforms-error-noscript\">Veuillez activer JavaScript dans votre navigateur pour remplir ce formulaire.<\/noscript><div class=\"wpforms-hidden\" id=\"wpforms-error-noscript\">Veuillez activer JavaScript dans votre navigateur pour remplir ce formulaire.<\/div><div class=\"wpforms-field-container\"><div id=\"wpforms-1785-field_1-container\" class=\"wpforms-field wpforms-field-layout\" data-field-id=\"1\"><label class=\"wpforms-field-label wpforms-label-hide\" for=\"wpforms-1785-field_1\" aria-hidden=\"false\">Mise en page<\/label><div class=\"wpforms-field-layout-columns wpforms-field-layout-preset-50-50\"><div class=\"wpforms-layout-column wpforms-layout-column-50\"><div id=\"wpforms-1785-field_2-container\" class=\"wpforms-field wpforms-field-name\" data-field-id=\"2\"><label class=\"wpforms-field-label\" for=\"wpforms-1785-field_2\">Nom <span class=\"wpforms-required-label\" aria-hidden=\"true\">*<\/span><\/label><input type=\"text\" id=\"wpforms-1785-field_2\" class=\"wpforms-field-medium wpforms-field-required\" name=\"wpforms[fields][2]\" aria-errormessage=\"wpforms-1785-field_2-error\" required><\/div><div id=\"wpforms-1785-field_5-container\" class=\"wpforms-field wpforms-field-phone\" data-field-id=\"5\"><label class=\"wpforms-field-label\" for=\"wpforms-1785-field_5\">T\u00e9l\u00e9phone\/WhatsApp <span class=\"wpforms-required-label\" aria-hidden=\"true\">*<\/span><\/label><input type=\"tel\" id=\"wpforms-1785-field_5\" class=\"wpforms-field-medium wpforms-field-required\" data-rule-int-phone-field=\"true\" name=\"wpforms[fields][5]\" aria-errormessage=\"wpforms-1785-field_5-error\" required><\/div><\/div><div class=\"wpforms-layout-column wpforms-layout-column-50\"><div id=\"wpforms-1785-field_3-container\" class=\"wpforms-field wpforms-field-email\" data-field-id=\"3\"><label class=\"wpforms-field-label\" for=\"wpforms-1785-field_3\">Courriel <span class=\"wpforms-required-label\" aria-hidden=\"true\">*<\/span><\/label><input type=\"email\" id=\"wpforms-1785-field_3\" class=\"wpforms-field-medium wpforms-field-required\" name=\"wpforms[fields][3]\" spellcheck=\"false\" aria-errormessage=\"wpforms-1785-field_3-error\" required><\/div><div id=\"wpforms-1785-field_4-container\" class=\"wpforms-field wpforms-field-text\" data-field-id=\"4\"><label class=\"wpforms-field-label\" for=\"wpforms-1785-field_4\">Demande de renseignements<\/label><input type=\"text\" id=\"wpforms-1785-field_4\" class=\"wpforms-field-medium\" name=\"wpforms[fields][4]\" aria-errormessage=\"wpforms-1785-field_4-error\" ><\/div><\/div><\/div><\/div><\/div><!-- .wpforms-field-container --><div class=\"wpforms-recaptcha-container wpforms-is-turnstile\" ><div class=\"g-recaptcha\" data-sitekey=\"0x4AAAAAAAyrnCk3ccFGBLIG\" data-action=\"FormID-1785\"><\/div><input type=\"text\" name=\"g-recaptcha-hidden\" class=\"wpforms-recaptcha-hidden\" style=\"position:absolute!important;clip:rect(0,0,0,0)!important;height:1px!important;width:1px!important;border:0!important;overflow:hidden!important;padding:0!important;margin:0!important;\" data-rule-turnstile=\"1\"><\/div><div class=\"wpforms-submit-container\" ><input type=\"hidden\" name=\"wpforms[id]\" value=\"1785\"><input type=\"hidden\" name=\"wpforms[author]\" value=\"1\"><button type=\"submit\" name=\"wpforms[submit]\" id=\"wpforms-submit-1785\" class=\"wpforms-submit\" data-alt-text=\"Sending...\" data-submit-text=\"Send Inquiry\" aria-live=\"assertive\" value=\"wpforms-submit\">Envoyer une demande de renseignements<\/button><img decoding=\"async\" src=\"https:\/\/shkeling.com.cn\/wp-content\/plugins\/wpforms\/assets\/images\/submit-spin.svg\" class=\"wpforms-submit-spinner\" style=\"display: none;\" width=\"26\" height=\"26\" alt=\"Chargement en cours\"><\/div><input type=\"hidden\" name=\"trp-form-language\" value=\"fr\"\/><\/form><\/div>  <!-- .wpforms-container -->","protected":false},"excerpt":{"rendered":"<div>\n<table border=\"1\" cellspacing=\"0\">\n<tbody>\n<tr>\n<td height=\"20\">Mode<\/td>\n<td height=\"20\">KL-2F<\/td>\n<\/tr>\n<tr>\n<td height=\"20\">Longueur<\/td>\n<td height=\"20\">1950\u00b150mm<\/td>\n<\/tr>\n<tr>\n<td height=\"20\">Largeur<\/td>\n<td height=\"20\">700\u00b120mm<\/td>\n<\/tr>\n<tr>\n<td height=\"20\">R\u00e9glage de la hauteur<\/td>\n<td height=\"20\">\uff08680~930\uff09\u00b150mm<\/td>\n<\/tr>\n<tr>\n<td height=\"20\">Planche arri\u00e8re vers le haut<\/td>\n<td height=\"20\">\u226560\u00b0<\/td>\n<\/tr>\n<tr>\n<td height=\"20\">Planche arri\u00e8re vers le bas<\/td>\n<td height=\"20\">\u22655\u00b0<\/td>\n<\/tr>\n<tr>\n<td height=\"20\">Planche de si\u00e8ge vers le haut<\/td>\n<td height=\"20\">\u226525\u00b0<\/td>\n<\/tr>\n<tr>\n<td height=\"20\">Planche de jambes vers l'ext\u00e9rieur<\/td>\n<td height=\"20\">\u226590\u00b0<\/td>\n<\/tr>\n<tr>\n<td height=\"20\">Tension principale AC<\/td>\n<td height=\"20\">220V\u00b122V\uff0c50\u00b11Hz<\/td>\n<\/tr>\n<tr>\n<td height=\"20\">Puissance d'entr\u00e9e VA<\/td>\n<td height=\"20\">150\u00b110%<\/td>\n<\/tr>\n<\/tbody>\n<\/table>\n<div class=\"wpforms-container wpforms-container-full wpforms-render-modern\" id=\"wpforms-1785\">\n<form id=\"wpforms-form-1785\" class=\"wpforms-validate wpforms-form wpforms-ajax-form\" data-formid=\"1785\" method=\"post\" enctype=\"multipart\/form-data\" action=\"\/fr\/wp-json\/wp\/v2\/product\/2597\" data-token=\"582219612aaa714bb656d36cc3598248\" data-trp-original-action=\"\/fr\/wp-json\/wp\/v2\/product\/2597\"><noscript class=\"wpforms-error-noscript\">Veuillez activer JavaScript dans votre navigateur pour remplir ce formulaire.<\/noscript><\/p>\n<div class=\"wpforms-hidden\" id=\"wpforms-error-noscript\">Veuillez activer JavaScript dans votre navigateur pour remplir ce formulaire.<\/div>\n<div class=\"wpforms-field-container\">\n<div id=\"wpforms-1785-field_1-container\" class=\"wpforms-field wpforms-field-layout\" data-field-id=\"1\"><label class=\"wpforms-field-label wpforms-label-hide\" for=\"wpforms-1785-field_1\" aria-hidden=\"false\">Mise en page<\/label><\/p>\n<div class=\"wpforms-field-layout-columns wpforms-field-layout-preset-50-50\">\n<div class=\"wpforms-layout-column wpforms-layout-column-50\">\n<div id=\"wpforms-1785-field_2-container\" class=\"wpforms-field wpforms-field-name\" data-field-id=\"2\"><label class=\"wpforms-field-label\" for=\"wpforms-1785-field_2\">Nom <span class=\"wpforms-required-label\" aria-hidden=\"true\">*<\/span><\/label><input type=\"text\" id=\"wpforms-1785-field_2\" class=\"wpforms-field-medium wpforms-field-required\" name=\"wpforms[fields][2]\" aria-errormessage=\"wpforms-1785-field_2-error\" required><\/div>\n<div id=\"wpforms-1785-field_5-container\" class=\"wpforms-field wpforms-field-phone\" data-field-id=\"5\"><label class=\"wpforms-field-label\" for=\"wpforms-1785-field_5\">T\u00e9l\u00e9phone\/WhatsApp <span class=\"wpforms-required-label\" aria-hidden=\"true\">*<\/span><\/label><input type=\"tel\" id=\"wpforms-1785-field_5\" class=\"wpforms-field-medium wpforms-field-required\" data-rule-int-phone-field=\"true\" name=\"wpforms[fields][5]\" aria-errormessage=\"wpforms-1785-field_5-error\" required><\/div>\n<\/div>\n<div class=\"wpforms-layout-column wpforms-layout-column-50\">\n<div id=\"wpforms-1785-field_3-container\" class=\"wpforms-field wpforms-field-email\" data-field-id=\"3\"><label class=\"wpforms-field-label\" for=\"wpforms-1785-field_3\">Courriel <span class=\"wpforms-required-label\" aria-hidden=\"true\">*<\/span><\/label><input type=\"email\" id=\"wpforms-1785-field_3\" class=\"wpforms-field-medium wpforms-field-required\" name=\"wpforms[fields][3]\" spellcheck=\"false\" aria-errormessage=\"wpforms-1785-field_3-error\" required><\/div>\n<div id=\"wpforms-1785-field_4-container\" class=\"wpforms-field wpforms-field-text\" data-field-id=\"4\"><label class=\"wpforms-field-label\" for=\"wpforms-1785-field_4\">Demande de renseignements<\/label><input type=\"text\" id=\"wpforms-1785-field_4\" class=\"wpforms-field-medium\" name=\"wpforms[fields][4]\" aria-errormessage=\"wpforms-1785-field_4-error\" ><\/div>\n<\/div>\n<\/div>\n<\/div>\n<\/div>\n<p><!-- .wpforms-field-container --><\/p>\n<div class=\"wpforms-recaptcha-container wpforms-is-turnstile\" >\n<div class=\"g-recaptcha\" data-sitekey=\"0x4AAAAAAAyrnCk3ccFGBLIG\" data-action=\"FormID-1785\"><\/div>\n<p><input type=\"text\" name=\"g-recaptcha-hidden\" class=\"wpforms-recaptcha-hidden\" style=\"position:absolute!important;clip:rect(0,0,0,0)!important;height:1px!important;width:1px!important;border:0!important;overflow:hidden!important;padding:0!important;margin:0!important;\" data-rule-turnstile=\"1\"><\/div>\n<div class=\"wpforms-submit-container\" ><input type=\"hidden\" name=\"wpforms[id]\" value=\"1785\"><input type=\"hidden\" name=\"wpforms[author]\" value=\"1\"><button type=\"submit\" name=\"wpforms[submit]\" id=\"wpforms-submit-1785\" class=\"wpforms-submit\" data-alt-text=\"Sending...\" data-submit-text=\"Send Inquiry\" aria-live=\"assertive\" value=\"wpforms-submit\">Envoyer une demande de renseignements<\/button><img decoding=\"async\" src=\"https:\/\/shkeling.com.cn\/wp-content\/plugins\/wpforms\/assets\/images\/submit-spin.svg\" class=\"wpforms-submit-spinner\" style=\"display: none;\" width=\"26\" height=\"26\" alt=\"Chargement en cours\"><\/div>\n<input type=\"hidden\" name=\"trp-form-language\" value=\"fr\"\/><\/form>\n<\/div>\n<p>  <!-- .wpforms-container --><\/p>\n<\/div>","protected":false},"featured_media":2611,"template":"","meta":{"site-sidebar-layout":"default","site-content-layout":"","ast-site-content-layout":"default","site-content-style":"default","site-sidebar-style":"default","ast-global-header-display":"","ast-banner-title-visibility":"","ast-main-header-display":"","ast-hfb-above-header-display":"","ast-hfb-below-header-display":"","ast-hfb-mobile-header-display":"","site-post-title":"","ast-breadcrumbs-content":"","ast-featured-img":"","footer-sml-layout":"","theme-transparent-header-meta":"","adv-header-id-meta":"","stick-header-meta":"","header-above-stick-meta":"","header-main-stick-meta":"","header-below-stick-meta":"","astra-migrate-meta-layouts":"default","ast-page-background-enabled":"default","ast-page-background-meta":{"desktop":{"background-color":"var(--ast-global-color-5)","background-image":"","background-repeat":"repeat","background-position":"center center","background-size":"auto","background-attachment":"scroll","background-type":"","background-media":"","overlay-type":"","overlay-color":"","overlay-opacity":"","overlay-gradient":""},"tablet":{"background-color":"","background-image":"","background-repeat":"repeat","background-position":"center center","background-size":"auto","background-attachment":"scroll","background-type":"","background-media":"","overlay-type":"","overlay-color":"","overlay-opacity":"","overlay-gradient":""},"mobile":{"background-color":"","background-image":"","background-repeat":"repeat","background-position":"center center","background-size":"auto","background-attachment":"scroll","background-type":"","background-media":"","overlay-type":"","overlay-color":"","overlay-opacity":"","overlay-gradient":""}},"ast-content-background-meta":{"desktop":{"background-color":"var(--ast-global-color-4)","background-image":"","background-repeat":"repeat","background-position":"center center","background-size":"auto","background-attachment":"scroll","background-type":"","background-media":"","overlay-type":"","overlay-color":"","overlay-opacity":"","overlay-gradient":""},"tablet":{"background-color":"var(--ast-global-color-4)","background-image":"","background-repeat":"repeat","background-position":"center center","background-size":"auto","background-attachment":"scroll","background-type":"","background-media":"","overlay-type":"","overlay-color":"","overlay-opacity":"","overlay-gradient":""},"mobile":{"background-color":"var(--ast-global-color-4)","background-image":"","background-repeat":"repeat","background-position":"center center","background-size":"auto","background-attachment":"scroll","background-type":"","background-media":"","overlay-type":"","overlay-color":"","overlay-opacity":"","overlay-gradient":""}}},"product_brand":[],"product_cat":[40],"product_tag":[],"class_list":{"0":"post-2597","1":"product","2":"type-product","3":"status-publish","4":"has-post-thumbnail","6":"product_cat-gynecological-table","7":"desktop-align-left","8":"tablet-align-left","9":"mobile-align-left","11":"first","12":"instock","13":"shipping-taxable","14":"product-type-simple"},"_links":{"self":[{"href":"https:\/\/shkeling.com.cn\/fr\/wp-json\/wp\/v2\/product\/2597","targetHints":{"allow":["GET"]}}],"collection":[{"href":"https:\/\/shkeling.com.cn\/fr\/wp-json\/wp\/v2\/product"}],"about":[{"href":"https:\/\/shkeling.com.cn\/fr\/wp-json\/wp\/v2\/types\/product"}],"wp:featuredmedia":[{"embeddable":true,"href":"https:\/\/shkeling.com.cn\/fr\/wp-json\/wp\/v2\/media\/2611"}],"wp:attachment":[{"href":"https:\/\/shkeling.com.cn\/fr\/wp-json\/wp\/v2\/media?parent=2597"}],"wp:term":[{"taxonomy":"product_brand","embeddable":true,"href":"https:\/\/shkeling.com.cn\/fr\/wp-json\/wp\/v2\/product_brand?post=2597"},{"taxonomy":"product_cat","embeddable":true,"href":"https:\/\/shkeling.com.cn\/fr\/wp-json\/wp\/v2\/product_cat?post=2597"},{"taxonomy":"product_tag","embeddable":true,"href":"https:\/\/shkeling.com.cn\/fr\/wp-json\/wp\/v2\/product_tag?post=2597"}],"curies":[{"name":"wp","href":"https:\/\/api.w.org\/{rel}","templated":true}]}}