{"id":2126,"date":"2024-12-27T05:37:23","date_gmt":"2024-12-27T05:37:23","guid":{"rendered":"https:\/\/shkeling.com.cn\/?page_id=2126"},"modified":"2024-12-27T05:38:03","modified_gmt":"2024-12-27T05:38:03","slug":"privatuma-politika-2","status":"publish","type":"page","link":"https:\/\/shkeling.com.cn\/lv\/privatuma-politika-2\/","title":{"rendered":"Konfidencialit\u0101tes politika"},"content":{"rendered":"<div data-elementor-type=\"wp-page\" data-elementor-id=\"2126\" class=\"elementor elementor-2126\" data-elementor-post-type=\"page\">\n\t\t\t\t<div class=\"elementor-element elementor-element-307cb43d e-flex e-con-boxed e-con e-parent\" data-id=\"307cb43d\" data-element_type=\"container\">\n\t\t\t\t\t<div class=\"e-con-inner\">\n\t\t\t\t<div class=\"elementor-element elementor-element-3e628536 elementor-widget elementor-widget-text-editor\" data-id=\"3e628536\" data-element_type=\"widget\" data-widget_type=\"text-editor.default\">\n\t\t\t\t<div class=\"elementor-widget-container\">\n\t\t\t\t\t\t\t\t\t\n<h2 class=\"wp-block-heading\">Kas m\u0113s esam<\/h2>\n\n\n<p><strong class=\"privacy-policy-tutorial\">Ieteicamais teksts: <\/strong>M\u016bsu t\u012bmek\u013ca vietnes adrese ir: https:\/\/shkeling.com.cn.<\/p>\n\n\n<h2 class=\"wp-block-heading\">Koment\u0101ri<\/h2>\n\n\n<p><strong class=\"privacy-policy-tutorial\">Ieteicamais teksts: <\/strong>Kad apmekl\u0113t\u0101ji vietn\u0113 atst\u0101j koment\u0101rus, m\u0113s apkopojam koment\u0101ru veidlap\u0101 nor\u0101d\u012btos datus, k\u0101 ar\u012b apmekl\u0113t\u0101ja IP adresi un p\u0101rl\u016bkprogrammas lietot\u0101ja a\u0123enta virkni, lai pal\u012bdz\u0113tu noteikt surog\u0101tpasta s\u016bt\u012bjumus.<\/p>\n\n\n<p>No j\u016bsu e-pasta adreses izveidot\u0101 anonimiz\u0113t\u0101 virkne (saukta ar\u012b par hash) var tikt sniegta pakalpojumam Gravatar, lai redz\u0113tu, vai to izmantojat. Gravatar pakalpojuma konfidencialit\u0101tes politika ir pieejama \u0161eit: https:\/\/automattic.com\/privacy\/. P\u0113c j\u016bsu koment\u0101ra apstiprin\u0101\u0161anas j\u016bsu profila att\u0113ls ir publiski redzams j\u016bsu koment\u0101ra kontekst\u0101.<\/p>\n\n\n<h2 class=\"wp-block-heading\">Mediji<\/h2>\n\n\n<p><strong class=\"privacy-policy-tutorial\">Ieteicamais teksts: <\/strong>Ja aug\u0161upiel\u0101d\u0113jat att\u0113lus vietn\u0113, izvairieties no att\u0113lu aug\u0161upiel\u0101des, kuros ir iestr\u0101d\u0101ti atra\u0161an\u0101s vietas dati (EXIF GPS). T\u012bmek\u013ca vietnes apmekl\u0113t\u0101ji var lejupiel\u0101d\u0113t un ieg\u016bt jebkurus atra\u0161an\u0101s vietas datus no att\u0113liem t\u012bmek\u013ca vietn\u0113.<\/p>\n\n\n<h2 class=\"wp-block-heading\">S\u012bkfaili<\/h2>\n\n\n<p><strong class=\"privacy-policy-tutorial\">Ieteicamais teksts: <\/strong>Ja m\u016bsu vietn\u0113 atst\u0101jat koment\u0101ru, j\u016bs varat piekrist saglab\u0101t savu v\u0101rdu, e-pasta adresi un t\u012bmek\u013ca vietni s\u012bkfailos. T\u0101s ir paredz\u0113tas j\u016bsu \u0113rt\u012bbai, lai, atst\u0101jot citu koment\u0101ru, jums nevajadz\u0113tu atk\u0101rtoti ievad\u012bt savu inform\u0101ciju. \u0160\u012bs s\u012bkdatnes kalpos vienu gadu.<\/p>\n\n\n<p>Ja apmekl\u0113jat m\u016bsu pieteik\u0161an\u0101s lapu, m\u0113s iestat\u012bsim pagaidu s\u012bkfailu, lai noteiktu, vai j\u016bsu p\u0101rl\u016bkprogramma pie\u0146em s\u012bkfailus. \u0160is s\u012bkfails nesatur nek\u0101dus personas datus un tiek izn\u012bcin\u0101ts, kad aizverat p\u0101rl\u016bkprogrammu.<\/p>\n\n\n<p>Kad piesak\u0101ties, m\u0113s izveidosim ar\u012b vair\u0101kus s\u012bkfailus, lai saglab\u0101tu j\u016bsu pieteik\u0161an\u0101s inform\u0101ciju un ekr\u0101na displeja izv\u0113les. Pieteik\u0161an\u0101s s\u012bkfailus var izmantot divas dienas, bet ekr\u0101na opciju s\u012bkfailus - vienu gadu. Ja izv\u0113laties \"Atcer\u0113ties mani\", j\u016bsu pieteik\u0161an\u0101s saglab\u0101sies divas ned\u0113\u013cas. Ja izrakst\u012bsieties no sava konta, pieteik\u0161an\u0101s s\u012bkfaili tiks dz\u0113sti.<\/p>\n\n\n<p>Ja redi\u0123\u0113jat vai public\u0113jat rakstu, j\u016bsu p\u0101rl\u016bkprogramm\u0101 tiks saglab\u0101ts papildu s\u012bkfails. \u0160aj\u0101 s\u012bkfail\u0101 nav ietverti nek\u0101di personas dati, un tas vienk\u0101r\u0161i nor\u0101da tikko redi\u0123\u0113t\u0101 raksta ID. T\u0101 der\u012bguma termi\u0146\u0161 beidzas p\u0113c 1 dienas.<\/p>\n\n\n<h2 class=\"wp-block-heading\">Citu viet\u0146u iegultais saturs<\/h2>\n\n\n<p><strong class=\"privacy-policy-tutorial\">Ieteicamais teksts: <\/strong>\u0160\u012bs vietnes rakstos var b\u016bt iestr\u0101d\u0101ts saturs (piem\u0113ram, videoklipi, att\u0113li, raksti utt.). Citu viet\u0146u iegultais saturs darbojas tie\u0161i t\u0101pat, it k\u0101 apmekl\u0113t\u0101js b\u016btu apmekl\u0113jis citu vietni.<\/p>\n\n\n<p>\u0160\u012bs vietnes var v\u0101kt datus par jums, izmantot s\u012bkfailus, ievietot papildu tre\u0161\u0101s puses izseko\u0161anas l\u012bdzek\u013cus un uzraudz\u012bt j\u016bsu mijiedarb\u012bbu ar \u0161o iestr\u0101d\u0101to saturu, tostarp izsekot j\u016bsu mijiedarb\u012bbai ar iestr\u0101d\u0101to saturu, ja jums ir konts un esat pieteicies \u0161aj\u0101 vietn\u0113.<\/p>\n\n\n<h2 class=\"wp-block-heading\">Kam m\u0113s kop\u012bgojam j\u016bsu datus<\/h2>\n\n\n<p><strong class=\"privacy-policy-tutorial\">Ieteicamais teksts: <\/strong>Ja piepras\u0101t paroles atiestat\u012b\u0161anu, atiestat\u012b\u0161anas e-pasta v\u0113stul\u0113 tiks nor\u0101d\u012bta j\u016bsu IP adrese.<\/p>\n\n\n<h2 class=\"wp-block-heading\">Cik ilgi m\u0113s glab\u0101jam j\u016bsu datus<\/h2>\n\n\n<p><strong class=\"privacy-policy-tutorial\">Ieteicamais teksts: <\/strong>Ja atst\u0101jat koment\u0101ru, koment\u0101rs un t\u0101 metadati tiek saglab\u0101ti uz nenoteiktu laiku. Tas tiek dar\u012bts, lai m\u0113s var\u0113tu autom\u0101tiski atpaz\u012bt un apstiprin\u0101t visus turpm\u0101kos koment\u0101rus, nevis aiztur\u0113t tos moder\u0113\u0161anas rind\u0101.<\/p>\n\n\n<p>Lietot\u0101jiem, kas re\u0123istr\u0113jas m\u016bsu t\u012bmek\u013ca vietn\u0113 (ja t\u0101di ir), m\u0113s ar\u012b saglab\u0101jam vi\u0146u sniegto personisko inform\u0101ciju vi\u0146u lietot\u0101ja profil\u0101. Visi lietot\u0101ji jebkur\u0101 laik\u0101 var apskat\u012bt, redi\u0123\u0113t vai dz\u0113st savu personisko inform\u0101ciju (iz\u0146emot to, ka vi\u0146i nevar main\u012bt savu lietot\u0101jv\u0101rdu). \u0160o inform\u0101ciju var skat\u012bt un redi\u0123\u0113t ar\u012b vietnes administratori.<\/p>\n\n\n<h2 class=\"wp-block-heading\">K\u0101das ties\u012bbas jums ir attiec\u012bb\u0101 uz j\u016bsu datiem<\/h2>\n\n\n<p><strong class=\"privacy-policy-tutorial\">Ieteicamais teksts: <\/strong>Ja jums ir konts \u0161aj\u0101 vietn\u0113 vai esat atst\u0101jis koment\u0101rus, varat piepras\u012bt sa\u0146emt eksport\u0113tu datni ar m\u016bsu r\u012bc\u012bb\u0101 eso\u0161ajiem j\u016bsu personas datiem, tostarp visiem datiem, kurus esat mums sniedzis. J\u016bs varat ar\u012b piepras\u012bt, lai m\u0113s dz\u0113stu visus m\u016bsu r\u012bc\u012bb\u0101 eso\u0161os j\u016bsu personas datus. Tas neattiecas uz datiem, kas mums ir j\u0101saglab\u0101 administrat\u012bvos, juridiskos vai dro\u0161\u012bbas nol\u016bkos.<\/p>\n\n\n<h2 class=\"wp-block-heading\">Kur tiek nos\u016bt\u012bti j\u016bsu dati<\/h2>\n\n\n<p><strong class=\"privacy-policy-tutorial\">Ieteicamais teksts: <\/strong>Apmekl\u0113t\u0101ju koment\u0101rus var p\u0101rbaud\u012bt, izmantojot automatiz\u0113tu surog\u0101tpasta atkl\u0101\u0161anas pakalpojumu.<\/p>\n\n\t\t\t\t\t\t\t\t<\/div>\n\t\t\t\t<\/div>\n\t\t\t\t\t<\/div>\n\t\t\t\t<\/div>\n\t\t\t\t<\/div>","protected":false},"excerpt":{"rendered":"<p>Who we are Suggested text: Our website address is: https:\/\/shkeling.com.cn. Comments Suggested text: When visitors leave comments on the site [&hellip;]<\/p>","protected":false},"author":1,"featured_media":0,"parent":0,"menu_order":0,"comment_status":"closed","ping_status":"closed","template":"","meta":{"site-sidebar-layout":"default","site-content-layout":"","ast-site-content-layout":"default","site-content-style":"default","site-sidebar-style":"default","ast-global-header-display":"","ast-banner-title-visibility":"","ast-main-header-display":"","ast-hfb-above-header-display":"","ast-hfb-below-header-display":"","ast-hfb-mobile-header-display":"","site-post-title":"","ast-breadcrumbs-content":"","ast-featured-img":"","footer-sml-layout":"","theme-transparent-header-meta":"","adv-header-id-meta":"","stick-header-meta":"","header-above-stick-meta":"","header-main-stick-meta":"","header-below-stick-meta":"","astra-migrate-meta-layouts":"default","ast-page-background-enabled":"default","ast-page-background-meta":{"desktop":{"background-color":"var(--ast-global-color-5)","background-image":"","background-repeat":"repeat","background-position":"center center","background-size":"auto","background-attachment":"scroll","background-type":"","background-media":"","overlay-type":"","overlay-color":"","overlay-opacity":"","overlay-gradient":""},"tablet":{"background-color":"","background-image":"","background-repeat":"repeat","background-position":"center center","background-size":"auto","background-attachment":"scroll","background-type":"","background-media":"","overlay-type":"","overlay-color":"","overlay-opacity":"","overlay-gradient":""},"mobile":{"background-color":"","background-image":"","background-repeat":"repeat","background-position":"center center","background-size":"auto","background-attachment":"scroll","background-type":"","background-media":"","overlay-type":"","overlay-color":"","overlay-opacity":"","overlay-gradient":""}},"ast-content-background-meta":{"desktop":{"background-color":"var(--ast-global-color-4)","background-image":"","background-repeat":"repeat","background-position":"center center","background-size":"auto","background-attachment":"scroll","background-type":"","background-media":"","overlay-type":"","overlay-color":"","overlay-opacity":"","overlay-gradient":""},"tablet":{"background-color":"var(--ast-global-color-4)","background-image":"","background-repeat":"repeat","background-position":"center center","background-size":"auto","background-attachment":"scroll","background-type":"","background-media":"","overlay-type":"","overlay-color":"","overlay-opacity":"","overlay-gradient":""},"mobile":{"background-color":"var(--ast-global-color-4)","background-image":"","background-repeat":"repeat","background-position":"center center","background-size":"auto","background-attachment":"scroll","background-type":"","background-media":"","overlay-type":"","overlay-color":"","overlay-opacity":"","overlay-gradient":""}},"footnotes":""},"class_list":["post-2126","page","type-page","status-publish","hentry"],"_hostinger_reach_plugin_has_subscription_block":false,"_hostinger_reach_plugin_is_elementor":false,"amp_enabled":true,"_links":{"self":[{"href":"https:\/\/shkeling.com.cn\/lv\/wp-json\/wp\/v2\/pages\/2126","targetHints":{"allow":["GET"]}}],"collection":[{"href":"https:\/\/shkeling.com.cn\/lv\/wp-json\/wp\/v2\/pages"}],"about":[{"href":"https:\/\/shkeling.com.cn\/lv\/wp-json\/wp\/v2\/types\/page"}],"author":[{"embeddable":true,"href":"https:\/\/shkeling.com.cn\/lv\/wp-json\/wp\/v2\/users\/1"}],"replies":[{"embeddable":true,"href":"https:\/\/shkeling.com.cn\/lv\/wp-json\/wp\/v2\/comments?post=2126"}],"version-history":[{"count":3,"href":"https:\/\/shkeling.com.cn\/lv\/wp-json\/wp\/v2\/pages\/2126\/revisions"}],"predecessor-version":[{"id":2129,"href":"https:\/\/shkeling.com.cn\/lv\/wp-json\/wp\/v2\/pages\/2126\/revisions\/2129"}],"wp:attachment":[{"href":"https:\/\/shkeling.com.cn\/lv\/wp-json\/wp\/v2\/media?parent=2126"}],"curies":[{"name":"wp","href":"https:\/\/api.w.org\/{rel}","templated":true}]}}