{"id":5504,"date":"2025-03-10T02:49:43","date_gmt":"2025-03-10T02:49:43","guid":{"rendered":"https:\/\/shkeling.com.cn\/?post_type=product&#038;p=5504"},"modified":"2025-03-10T03:02:38","modified_gmt":"2025-03-10T03:02:38","slug":"280d-portable-18l-steam-sterilizer-for-medical-instrument-autoclave","status":"publish","type":"product","link":"https:\/\/shkeling.com.cn\/lv\/product\/280d-portable-18l-steam-sterilizer-for-medical-instrument-autoclave\/","title":{"rendered":"280D P\u0101rn\u0113s\u0101jams 18L tvaika sterilizators medic\u012bnas instrumentu autokl\u0101vam"},"content":{"rendered":"<p>Funkcijas<\/p>\n<p>Autokl\u0101vs<br \/>\nAugstas kvalit\u0101tes SUS304 ner\u016bs\u0113jo\u0161\u0101 t\u0113rauda materi\u0101ls<br \/>\nElektrisk\u0101 apkures sist\u0113ma<br \/>\nSilikona bl\u012bv\u0113jums<br \/>\nDivu skalu manometrs<br \/>\nDivk\u0101r\u0161s dro\u0161\u012bbas v\u0101rsts, lai nodro\u0161in\u0101tu dro\u0161u<br \/>\nAugstspiediena kr\u0101na dren\u0101\u017eas \u016bdens<br \/>\nAizsardz\u012bba pret p\u0101rkar\u0161anu<br \/>\nP\u0101rspiediena aizsardz\u012bba<br \/>\n\u016adens tr\u016bkuma aizsardz\u012bba<br \/>\nViegli lietojams, dro\u0161s un uzticams<\/p>\n<div>\n<table border=\"1\" cellspacing=\"0\">\n<tbody>\n<tr>\n<td height=\"20\">Modelis<\/td>\n<td height=\"20\">280D<\/td>\n<td height=\"20\">280D<\/td>\n<td height=\"20\">280D<\/td>\n<\/tr>\n<tr>\n<td height=\"20\">Tilpums<\/td>\n<td height=\"20\">18L<\/td>\n<td height=\"20\">24L<\/td>\n<td height=\"20\">30L<\/td>\n<\/tr>\n<tr>\n<td height=\"20\">Kameras izm\u0113rs<\/td>\n<td height=\"20\">\u03a6300*330 mm<\/td>\n<td height=\"20\">\u03a6300*460 mm<\/td>\n<td height=\"20\">\u03a6300*520 mm<\/td>\n<\/tr>\n<tr>\n<td height=\"20\">Darba temperat\u016bra<\/td>\n<td height=\"20\">115-129\u00b0C<\/td>\n<td height=\"20\">115-129\u00b0C<\/td>\n<td height=\"20\">115-129\u00b0C<\/td>\n<\/tr>\n<tr>\n<td height=\"20\">Darba spiediens<\/td>\n<td height=\"20\">0,145-0,165 MPa<\/td>\n<td height=\"20\">0,145-0,165 MPa<\/td>\n<td height=\"20\">0,145-0,165 MPa<\/td>\n<\/tr>\n<tr>\n<td height=\"20\">Laika tv\u0113rums<\/td>\n<td height=\"20\">0-80min<\/td>\n<td height=\"20\">0-80min<\/td>\n<td height=\"20\">0-80min<\/td>\n<\/tr>\n<tr>\n<td height=\"20\">Iepakojuma izm\u0113rs<\/td>\n<td height=\"20\">40*40*53 cm<\/td>\n<td height=\"20\">40*40*64 cm<\/td>\n<td height=\"20\">40*40*70 cm<\/td>\n<\/tr>\n<tr>\n<td height=\"20\">G.W\/N.W<\/td>\n<td height=\"20\">18kg\/16kg<\/td>\n<td height=\"20\">19kg\/17kg<\/td>\n<td height=\"20\">20 kg\/18 kg<\/td>\n<\/tr>\n<tr>\n<td height=\"20\">Power<\/td>\n<td height=\"20\">AC220V\/50Hz\/2.0KW<\/td>\n<td height=\"20\">AC220V\/50Hz\/2.0KW<\/td>\n<td height=\"20\">AC220V\/50Hz\/2.0KW<\/td>\n<\/tr>\n<\/tbody>\n<\/table>\n<p><img fetchpriority=\"high\" decoding=\"async\" class=\"wp-image-5511 size-full aligncenter\" src=\"https:\/\/shkeling.com.cn\/wp-content\/uploads\/2025\/03\/Detail-01.jpg\" alt=\"280D P\u0101rn\u0113s\u0101jams 18L tvaika sterilizators medic\u012bnas instrumentu autokl\u0101vam\" width=\"712\" height=\"1249\" srcset=\"https:\/\/shkeling.com.cn\/wp-content\/uploads\/2025\/03\/Detail-01.jpg 712w, https:\/\/shkeling.com.cn\/wp-content\/smush-webp\/2025\/03\/Detail-01-171x300.jpg.webp 171w, https:\/\/shkeling.com.cn\/wp-content\/smush-webp\/2025\/03\/Detail-01-584x1024.jpg.webp 584w, https:\/\/shkeling.com.cn\/wp-content\/smush-webp\/2025\/03\/Detail-01-7x12.jpg.webp 7w\" sizes=\"(max-width: 712px) 100vw, 712px\" data-smush-webp-fallback=\"{&quot;srcset&quot;:&quot;https:\\\/\\\/shkeling.com.cn\\\/wp-content\\\/uploads\\\/2025\\\/03\\\/Detail-01.jpg 712w, https:\\\/\\\/shkeling.com.cn\\\/wp-content\\\/uploads\\\/2025\\\/03\\\/Detail-01-171x300.jpg 171w, https:\\\/\\\/shkeling.com.cn\\\/wp-content\\\/uploads\\\/2025\\\/03\\\/Detail-01-584x1024.jpg 584w, https:\\\/\\\/shkeling.com.cn\\\/wp-content\\\/uploads\\\/2025\\\/03\\\/Detail-01-7x12.jpg 7w&quot;}\" \/><\/p>\n<p><img decoding=\"async\" class=\"wp-image-5512 size-full aligncenter\" src=\"https:\/\/shkeling.com.cn\/wp-content\/uploads\/2025\/03\/Detail-02.jpg\" alt=\"280D P\u0101rn\u0113s\u0101jams 18L tvaika sterilizators medic\u012bnas instrumentu autokl\u0101vam\" width=\"750\" height=\"399\" srcset=\"https:\/\/shkeling.com.cn\/wp-content\/uploads\/2025\/03\/Detail-02.jpg 750w, https:\/\/shkeling.com.cn\/wp-content\/smush-webp\/2025\/03\/Detail-02-300x160.jpg.webp 300w, https:\/\/shkeling.com.cn\/wp-content\/smush-webp\/2025\/03\/Detail-02-18x10.jpg.webp 18w\" sizes=\"(max-width: 750px) 100vw, 750px\" data-smush-webp-fallback=\"{&quot;srcset&quot;:&quot;https:\\\/\\\/shkeling.com.cn\\\/wp-content\\\/uploads\\\/2025\\\/03\\\/Detail-02.jpg 750w, https:\\\/\\\/shkeling.com.cn\\\/wp-content\\\/uploads\\\/2025\\\/03\\\/Detail-02-300x160.jpg 300w, https:\\\/\\\/shkeling.com.cn\\\/wp-content\\\/uploads\\\/2025\\\/03\\\/Detail-02-18x10.jpg 18w&quot;}\" \/><\/p>\n<p><img decoding=\"async\" class=\"wp-image-5513 size-full aligncenter\" src=\"https:\/\/shkeling.com.cn\/wp-content\/uploads\/2025\/03\/Detail-03.jpg\" alt=\"280D P\u0101rn\u0113s\u0101jams 18L tvaika sterilizators medic\u012bnas instrumentu autokl\u0101vam\" width=\"750\" height=\"670\" srcset=\"https:\/\/shkeling.com.cn\/wp-content\/uploads\/2025\/03\/Detail-03.jpg 750w, https:\/\/shkeling.com.cn\/wp-content\/smush-webp\/2025\/03\/Detail-03-300x268.jpg.webp 300w, https:\/\/shkeling.com.cn\/wp-content\/smush-webp\/2025\/03\/Detail-03-13x12.jpg.webp 13w\" sizes=\"(max-width: 750px) 100vw, 750px\" data-smush-webp-fallback=\"{&quot;srcset&quot;:&quot;https:\\\/\\\/shkeling.com.cn\\\/wp-content\\\/uploads\\\/2025\\\/03\\\/Detail-03.jpg 750w, https:\\\/\\\/shkeling.com.cn\\\/wp-content\\\/uploads\\\/2025\\\/03\\\/Detail-03-300x268.jpg 300w, https:\\\/\\\/shkeling.com.cn\\\/wp-content\\\/uploads\\\/2025\\\/03\\\/Detail-03-13x12.jpg 13w&quot;}\" \/> <img loading=\"lazy\" decoding=\"async\" class=\"wp-image-5514 size-full aligncenter\" src=\"https:\/\/shkeling.com.cn\/wp-content\/uploads\/2025\/03\/Detail-04.jpg\" alt=\"280D P\u0101rn\u0113s\u0101jams 18L tvaika sterilizators medic\u012bnas instrumentu autokl\u0101vam\" width=\"750\" height=\"817\" srcset=\"https:\/\/shkeling.com.cn\/wp-content\/uploads\/2025\/03\/Detail-04.jpg 750w, https:\/\/shkeling.com.cn\/wp-content\/smush-webp\/2025\/03\/Detail-04-275x300.jpg.webp 275w, https:\/\/shkeling.com.cn\/wp-content\/smush-webp\/2025\/03\/Detail-04-11x12.jpg.webp 11w\" sizes=\"(max-width: 750px) 100vw, 750px\" data-smush-webp-fallback=\"{&quot;srcset&quot;:&quot;https:\\\/\\\/shkeling.com.cn\\\/wp-content\\\/uploads\\\/2025\\\/03\\\/Detail-04.jpg 750w, https:\\\/\\\/shkeling.com.cn\\\/wp-content\\\/uploads\\\/2025\\\/03\\\/Detail-04-275x300.jpg 275w, https:\\\/\\\/shkeling.com.cn\\\/wp-content\\\/uploads\\\/2025\\\/03\\\/Detail-04-11x12.jpg 11w&quot;}\" \/> <img loading=\"lazy\" decoding=\"async\" class=\"wp-image-5515 size-full aligncenter\" src=\"https:\/\/shkeling.com.cn\/wp-content\/uploads\/2025\/03\/Detail-05.jpg\" alt=\"280D P\u0101rn\u0113s\u0101jams 18L tvaika sterilizators medic\u012bnas instrumentu autokl\u0101vam\" width=\"750\" height=\"986\" srcset=\"https:\/\/shkeling.com.cn\/wp-content\/uploads\/2025\/03\/Detail-05.jpg 750w, https:\/\/shkeling.com.cn\/wp-content\/smush-webp\/2025\/03\/Detail-05-228x300.jpg.webp 228w, https:\/\/shkeling.com.cn\/wp-content\/smush-webp\/2025\/03\/Detail-05-9x12.jpg.webp 9w\" sizes=\"(max-width: 750px) 100vw, 750px\" data-smush-webp-fallback=\"{&quot;srcset&quot;:&quot;https:\\\/\\\/shkeling.com.cn\\\/wp-content\\\/uploads\\\/2025\\\/03\\\/Detail-05.jpg 750w, https:\\\/\\\/shkeling.com.cn\\\/wp-content\\\/uploads\\\/2025\\\/03\\\/Detail-05-228x300.jpg 228w, https:\\\/\\\/shkeling.com.cn\\\/wp-content\\\/uploads\\\/2025\\\/03\\\/Detail-05-9x12.jpg 9w&quot;}\" \/> <img loading=\"lazy\" decoding=\"async\" class=\"wp-image-5516 size-full aligncenter\" src=\"https:\/\/shkeling.com.cn\/wp-content\/uploads\/2025\/03\/Detail-06.jpg\" alt=\"280D P\u0101rn\u0113s\u0101jams 18L tvaika sterilizators medic\u012bnas instrumentu autokl\u0101vam\" width=\"749\" height=\"1133\" srcset=\"https:\/\/shkeling.com.cn\/wp-content\/uploads\/2025\/03\/Detail-06.jpg 749w, https:\/\/shkeling.com.cn\/wp-content\/smush-webp\/2025\/03\/Detail-06-198x300.jpg.webp 198w, https:\/\/shkeling.com.cn\/wp-content\/smush-webp\/2025\/03\/Detail-06-677x1024.jpg.webp 677w, https:\/\/shkeling.com.cn\/wp-content\/smush-webp\/2025\/03\/Detail-06-8x12.jpg.webp 8w\" sizes=\"(max-width: 749px) 100vw, 749px\" data-smush-webp-fallback=\"{&quot;srcset&quot;:&quot;https:\\\/\\\/shkeling.com.cn\\\/wp-content\\\/uploads\\\/2025\\\/03\\\/Detail-06.jpg 749w, https:\\\/\\\/shkeling.com.cn\\\/wp-content\\\/uploads\\\/2025\\\/03\\\/Detail-06-198x300.jpg 198w, https:\\\/\\\/shkeling.com.cn\\\/wp-content\\\/uploads\\\/2025\\\/03\\\/Detail-06-677x1024.jpg 677w, https:\\\/\\\/shkeling.com.cn\\\/wp-content\\\/uploads\\\/2025\\\/03\\\/Detail-06-8x12.jpg 8w&quot;}\" \/> <img loading=\"lazy\" decoding=\"async\" class=\"wp-image-5517 size-full aligncenter\" src=\"https:\/\/shkeling.com.cn\/wp-content\/uploads\/2025\/03\/Detail-07.jpg\" alt=\"280D P\u0101rn\u0113s\u0101jams 18L tvaika sterilizators medic\u012bnas instrumentu autokl\u0101vam\" width=\"695\" height=\"1249\" srcset=\"https:\/\/shkeling.com.cn\/wp-content\/uploads\/2025\/03\/Detail-07.jpg 695w, https:\/\/shkeling.com.cn\/wp-content\/smush-webp\/2025\/03\/Detail-07-167x300.jpg.webp 167w, https:\/\/shkeling.com.cn\/wp-content\/smush-webp\/2025\/03\/Detail-07-570x1024.jpg.webp 570w, https:\/\/shkeling.com.cn\/wp-content\/smush-webp\/2025\/03\/Detail-07-7x12.jpg.webp 7w\" sizes=\"(max-width: 695px) 100vw, 695px\" data-smush-webp-fallback=\"{&quot;srcset&quot;:&quot;https:\\\/\\\/shkeling.com.cn\\\/wp-content\\\/uploads\\\/2025\\\/03\\\/Detail-07.jpg 695w, https:\\\/\\\/shkeling.com.cn\\\/wp-content\\\/uploads\\\/2025\\\/03\\\/Detail-07-167x300.jpg 167w, https:\\\/\\\/shkeling.com.cn\\\/wp-content\\\/uploads\\\/2025\\\/03\\\/Detail-07-570x1024.jpg 570w, https:\\\/\\\/shkeling.com.cn\\\/wp-content\\\/uploads\\\/2025\\\/03\\\/Detail-07-7x12.jpg 7w&quot;}\" \/><\/p>\n<\/div>\n<div class=\"wpforms-container wpforms-container-full wpforms-render-modern\" id=\"wpforms-5501\"><form id=\"wpforms-form-5501\" class=\"wpforms-validate wpforms-form wpforms-ajax-form\" data-formid=\"5501\" method=\"post\" enctype=\"multipart\/form-data\" action=\"\/lv\/wp-json\/wp\/v2\/product\/5504\" data-token=\"417d249a33068caf178413ea5c6287bf\" data-trp-original-action=\"\/lv\/wp-json\/wp\/v2\/product\/5504\"><noscript class=\"wpforms-error-noscript\">Lai aizpild\u012btu \u0161o veidlapu, l\u016bdzu, iesp\u0113jojiet JavaScript sav\u0101 p\u0101rl\u016bkprogramm\u0101.<\/noscript><div class=\"wpforms-hidden\" id=\"wpforms-error-noscript\">Lai aizpild\u012btu \u0161o veidlapu, l\u016bdzu, iesp\u0113jojiet JavaScript sav\u0101 p\u0101rl\u016bkprogramm\u0101.<\/div><div class=\"wpforms-field-container\"><div id=\"wpforms-5501-field_1-container\" class=\"wpforms-field wpforms-field-layout\" data-field-id=\"1\"><label class=\"wpforms-field-label wpforms-label-hide\" for=\"wpforms-5501-field_1\" aria-hidden=\"false\">Izk\u0101rtojums<\/label><div class=\"wpforms-field-layout-columns wpforms-field-layout-preset-50-50\"><div class=\"wpforms-layout-column wpforms-layout-column-50\"><div id=\"wpforms-5501-field_2-container\" class=\"wpforms-field wpforms-field-name\" data-field-id=\"2\"><label class=\"wpforms-field-label\" for=\"wpforms-5501-field_2\">Nosaukums <span class=\"wpforms-required-label\" aria-hidden=\"true\">*<\/span><\/label><input type=\"text\" id=\"wpforms-5501-field_2\" class=\"wpforms-field-medium wpforms-field-required\" name=\"wpforms[fields][2]\" aria-errormessage=\"wpforms-5501-field_2-error\" required><\/div><div id=\"wpforms-5501-field_5-container\" class=\"wpforms-field wpforms-field-phone\" data-field-id=\"5\"><label class=\"wpforms-field-label\" for=\"wpforms-5501-field_5\">T\u0101lrunis\/WhatsApp <span class=\"wpforms-required-label\" aria-hidden=\"true\">*<\/span><\/label><input type=\"tel\" id=\"wpforms-5501-field_5\" class=\"wpforms-field-medium wpforms-field-required\" data-rule-int-phone-field=\"true\" name=\"wpforms[fields][5]\" aria-errormessage=\"wpforms-5501-field_5-error\" required><\/div><\/div><div class=\"wpforms-layout-column wpforms-layout-column-50\"><div id=\"wpforms-5501-field_3-container\" class=\"wpforms-field wpforms-field-email\" data-field-id=\"3\"><label class=\"wpforms-field-label\" for=\"wpforms-5501-field_3\">E-pasts <span class=\"wpforms-required-label\" aria-hidden=\"true\">*<\/span><\/label><input type=\"email\" id=\"wpforms-5501-field_3\" class=\"wpforms-field-medium wpforms-field-required\" name=\"wpforms[fields][3]\" spellcheck=\"false\" aria-errormessage=\"wpforms-5501-field_3-error\" required><\/div><div id=\"wpforms-5501-field_4-container\" class=\"wpforms-field wpforms-field-text\" data-field-id=\"4\"><label class=\"wpforms-field-label\" for=\"wpforms-5501-field_4\">Piepras\u012bjums<\/label><input type=\"text\" id=\"wpforms-5501-field_4\" class=\"wpforms-field-medium\" name=\"wpforms[fields][4]\" aria-errormessage=\"wpforms-5501-field_4-error\" ><\/div><\/div><\/div><\/div><\/div><!-- .wpforms-field-container --><div class=\"wpforms-recaptcha-container wpforms-is-turnstile\" ><div class=\"g-recaptcha\" data-sitekey=\"0x4AAAAAAAyrnCk3ccFGBLIG\" data-action=\"FormID-5501\"><\/div><input type=\"text\" name=\"g-recaptcha-hidden\" class=\"wpforms-recaptcha-hidden\" style=\"position:absolute!important;clip:rect(0,0,0,0)!important;height:1px!important;width:1px!important;border:0!important;overflow:hidden!important;padding:0!important;margin:0!important;\" data-rule-turnstile=\"1\"><\/div><div class=\"wpforms-submit-container\" ><input type=\"hidden\" name=\"wpforms[id]\" value=\"5501\"><input type=\"hidden\" name=\"wpforms[author]\" value=\"1\"><button type=\"submit\" name=\"wpforms[submit]\" id=\"wpforms-submit-5501\" class=\"wpforms-submit\" data-alt-text=\"Sending...\" data-submit-text=\"Send Inquiry\" aria-live=\"assertive\" value=\"wpforms-submit\">Nos\u016bt\u012bt piepras\u012bjumu<\/button><img loading=\"lazy\" decoding=\"async\" src=\"https:\/\/shkeling.com.cn\/wp-content\/plugins\/wpforms\/assets\/images\/submit-spin.svg\" class=\"wpforms-submit-spinner\" style=\"display: none;\" width=\"26\" height=\"26\" alt=\"Iekrau\u0161ana\"><\/div><input type=\"hidden\" name=\"trp-form-language\" value=\"lv\"\/><\/form><\/div>  <!-- .wpforms-container -->","protected":false},"excerpt":{"rendered":"<p>Augstas kvalit\u0101tes SUS304 ner\u016bs\u0113jo\u0161\u0101 t\u0113rauda materi\u0101ls<br \/>\nElektrisk\u0101, og\u013cu un g\u0101zes apkure<br \/>\nSilikona bl\u012bv\u0113jums<br \/>\nDivu skalu manometrs<br \/>\nDivk\u0101r\u0161s dro\u0161\u012bbas v\u0101rsts, lai nodro\u0161in\u0101tu dro\u0161u<br \/>\nViegla lieto\u0161ana, dro\u0161a un uzticama<\/p>\n<div class=\"wpforms-container wpforms-container-full wpforms-render-modern\" id=\"wpforms-5501\">\n<form id=\"wpforms-form-5501\" class=\"wpforms-validate wpforms-form wpforms-ajax-form\" data-formid=\"5501\" method=\"post\" enctype=\"multipart\/form-data\" action=\"\/lv\/wp-json\/wp\/v2\/product\/5504\" data-token=\"417d249a33068caf178413ea5c6287bf\" data-trp-original-action=\"\/lv\/wp-json\/wp\/v2\/product\/5504\"><noscript class=\"wpforms-error-noscript\">Lai aizpild\u012btu \u0161o veidlapu, l\u016bdzu, iesp\u0113jojiet JavaScript sav\u0101 p\u0101rl\u016bkprogramm\u0101.<\/noscript><\/p>\n<div class=\"wpforms-hidden\" id=\"wpforms-error-noscript\">Lai aizpild\u012btu \u0161o veidlapu, l\u016bdzu, iesp\u0113jojiet JavaScript sav\u0101 p\u0101rl\u016bkprogramm\u0101.<\/div>\n<div class=\"wpforms-field-container\">\n<div id=\"wpforms-5501-field_1-container\" class=\"wpforms-field wpforms-field-layout\" data-field-id=\"1\"><label class=\"wpforms-field-label wpforms-label-hide\" for=\"wpforms-5501-field_1\" aria-hidden=\"false\">Izk\u0101rtojums<\/label><\/p>\n<div class=\"wpforms-field-layout-columns wpforms-field-layout-preset-50-50\">\n<div class=\"wpforms-layout-column wpforms-layout-column-50\">\n<div id=\"wpforms-5501-field_2-container\" class=\"wpforms-field wpforms-field-name\" data-field-id=\"2\"><label class=\"wpforms-field-label\" for=\"wpforms-5501-field_2\">Nosaukums <span class=\"wpforms-required-label\" aria-hidden=\"true\">*<\/span><\/label><input type=\"text\" id=\"wpforms-5501-field_2\" class=\"wpforms-field-medium wpforms-field-required\" name=\"wpforms[fields][2]\" aria-errormessage=\"wpforms-5501-field_2-error\" required><\/div>\n<div id=\"wpforms-5501-field_5-container\" class=\"wpforms-field wpforms-field-phone\" data-field-id=\"5\"><label class=\"wpforms-field-label\" for=\"wpforms-5501-field_5\">T\u0101lrunis\/WhatsApp <span class=\"wpforms-required-label\" aria-hidden=\"true\">*<\/span><\/label><input type=\"tel\" id=\"wpforms-5501-field_5\" class=\"wpforms-field-medium wpforms-field-required\" data-rule-int-phone-field=\"true\" name=\"wpforms[fields][5]\" aria-errormessage=\"wpforms-5501-field_5-error\" required><\/div>\n<\/div>\n<div class=\"wpforms-layout-column wpforms-layout-column-50\">\n<div id=\"wpforms-5501-field_3-container\" class=\"wpforms-field wpforms-field-email\" data-field-id=\"3\"><label class=\"wpforms-field-label\" for=\"wpforms-5501-field_3\">E-pasts <span class=\"wpforms-required-label\" aria-hidden=\"true\">*<\/span><\/label><input type=\"email\" id=\"wpforms-5501-field_3\" class=\"wpforms-field-medium wpforms-field-required\" name=\"wpforms[fields][3]\" spellcheck=\"false\" aria-errormessage=\"wpforms-5501-field_3-error\" required><\/div>\n<div id=\"wpforms-5501-field_4-container\" class=\"wpforms-field wpforms-field-text\" data-field-id=\"4\"><label class=\"wpforms-field-label\" for=\"wpforms-5501-field_4\">Piepras\u012bjums<\/label><input type=\"text\" id=\"wpforms-5501-field_4\" class=\"wpforms-field-medium\" name=\"wpforms[fields][4]\" aria-errormessage=\"wpforms-5501-field_4-error\" ><\/div>\n<\/div>\n<\/div>\n<\/div>\n<\/div>\n<p><!-- .wpforms-field-container --><\/p>\n<div class=\"wpforms-recaptcha-container wpforms-is-turnstile\" >\n<div class=\"g-recaptcha\" data-sitekey=\"0x4AAAAAAAyrnCk3ccFGBLIG\" data-action=\"FormID-5501\"><\/div>\n<p><input type=\"text\" name=\"g-recaptcha-hidden\" class=\"wpforms-recaptcha-hidden\" style=\"position:absolute!important;clip:rect(0,0,0,0)!important;height:1px!important;width:1px!important;border:0!important;overflow:hidden!important;padding:0!important;margin:0!important;\" data-rule-turnstile=\"1\"><\/div>\n<div class=\"wpforms-submit-container\" ><input type=\"hidden\" name=\"wpforms[id]\" value=\"5501\"><input type=\"hidden\" name=\"wpforms[author]\" value=\"1\"><button type=\"submit\" name=\"wpforms[submit]\" id=\"wpforms-submit-5501\" class=\"wpforms-submit\" data-alt-text=\"Sending...\" data-submit-text=\"Send Inquiry\" aria-live=\"assertive\" value=\"wpforms-submit\">Nos\u016bt\u012bt piepras\u012bjumu<\/button><img loading=\"lazy\" decoding=\"async\" src=\"https:\/\/shkeling.com.cn\/wp-content\/plugins\/wpforms\/assets\/images\/submit-spin.svg\" class=\"wpforms-submit-spinner\" style=\"display: none;\" width=\"26\" height=\"26\" alt=\"Iekrau\u0161ana\"><\/div>\n<input type=\"hidden\" name=\"trp-form-language\" value=\"lv\"\/><\/form>\n<\/div>\n<p>  <!-- .wpforms-container --><\/p>","protected":false},"featured_media":5505,"template":"","meta":{"site-sidebar-layout":"default","site-content-layout":"","ast-site-content-layout":"default","site-content-style":"default","site-sidebar-style":"default","ast-global-header-display":"","ast-banner-title-visibility":"","ast-main-header-display":"","ast-hfb-above-header-display":"","ast-hfb-below-header-display":"","ast-hfb-mobile-header-display":"","site-post-title":"","ast-breadcrumbs-content":"","ast-featured-img":"","footer-sml-layout":"","theme-transparent-header-meta":"","adv-header-id-meta":"","stick-header-meta":"","header-above-stick-meta":"","header-main-stick-meta":"","header-below-stick-meta":"","astra-migrate-meta-layouts":"default","ast-page-background-enabled":"default","ast-page-background-meta":{"desktop":{"background-color":"var(--ast-global-color-5)","background-image":"","background-repeat":"repeat","background-position":"center center","background-size":"auto","background-attachment":"scroll","background-type":"","background-media":"","overlay-type":"","overlay-color":"","overlay-opacity":"","overlay-gradient":""},"tablet":{"background-color":"","background-image":"","background-repeat":"repeat","background-position":"center center","background-size":"auto","background-attachment":"scroll","background-type":"","background-media":"","overlay-type":"","overlay-color":"","overlay-opacity":"","overlay-gradient":""},"mobile":{"background-color":"","background-image":"","background-repeat":"repeat","background-position":"center center","background-size":"auto","background-attachment":"scroll","background-type":"","background-media":"","overlay-type":"","overlay-color":"","overlay-opacity":"","overlay-gradient":""}},"ast-content-background-meta":{"desktop":{"background-color":"var(--ast-global-color-4)","background-image":"","background-repeat":"repeat","background-position":"center center","background-size":"auto","background-attachment":"scroll","background-type":"","background-media":"","overlay-type":"","overlay-color":"","overlay-opacity":"","overlay-gradient":""},"tablet":{"background-color":"var(--ast-global-color-4)","background-image":"","background-repeat":"repeat","background-position":"center center","background-size":"auto","background-attachment":"scroll","background-type":"","background-media":"","overlay-type":"","overlay-color":"","overlay-opacity":"","overlay-gradient":""},"mobile":{"background-color":"var(--ast-global-color-4)","background-image":"","background-repeat":"repeat","background-position":"center center","background-size":"auto","background-attachment":"scroll","background-type":"","background-media":"","overlay-type":"","overlay-color":"","overlay-opacity":"","overlay-gradient":""}}},"product_brand":[],"product_cat":[48],"product_tag":[],"class_list":{"0":"post-5504","1":"product","2":"type-product","3":"status-publish","4":"has-post-thumbnail","6":"product_cat-autoclave","7":"desktop-align-left","8":"tablet-align-left","9":"mobile-align-left","11":"first","12":"instock","13":"shipping-taxable","14":"product-type-simple"},"_links":{"self":[{"href":"https:\/\/shkeling.com.cn\/lv\/wp-json\/wp\/v2\/product\/5504","targetHints":{"allow":["GET"]}}],"collection":[{"href":"https:\/\/shkeling.com.cn\/lv\/wp-json\/wp\/v2\/product"}],"about":[{"href":"https:\/\/shkeling.com.cn\/lv\/wp-json\/wp\/v2\/types\/product"}],"wp:featuredmedia":[{"embeddable":true,"href":"https:\/\/shkeling.com.cn\/lv\/wp-json\/wp\/v2\/media\/5505"}],"wp:attachment":[{"href":"https:\/\/shkeling.com.cn\/lv\/wp-json\/wp\/v2\/media?parent=5504"}],"wp:term":[{"taxonomy":"product_brand","embeddable":true,"href":"https:\/\/shkeling.com.cn\/lv\/wp-json\/wp\/v2\/product_brand?post=5504"},{"taxonomy":"product_cat","embeddable":true,"href":"https:\/\/shkeling.com.cn\/lv\/wp-json\/wp\/v2\/product_cat?post=5504"},{"taxonomy":"product_tag","embeddable":true,"href":"https:\/\/shkeling.com.cn\/lv\/wp-json\/wp\/v2\/product_tag?post=5504"}],"curies":[{"name":"wp","href":"https:\/\/api.w.org\/{rel}","templated":true}]}}