{"id":1308,"date":"2024-12-26T01:31:34","date_gmt":"2024-12-26T01:31:34","guid":{"rendered":"https:\/\/shkeling.com.cn\/?post_type=product&#038;p=1308"},"modified":"2024-12-26T01:56:13","modified_gmt":"2024-12-26T01:56:13","slug":"iluminacao-cirurgica-kl01l-one-led","status":"publish","type":"product","link":"https:\/\/shkeling.com.cn\/pt\/product\/iluminacao-cirurgica-kl01l-one-led\/","title":{"rendered":"Ilumina\u00e7\u00e3o cir\u00fargica-KL01L-ONE-LED"},"content":{"rendered":"<p><strong>Requisitos de desempenho:<\/strong><\/p>\n<ol>\n<li><strong>Material principal do equipamento:<\/strong> A cabe\u00e7a da l\u00e2mpada \u00e9 feita de uma liga de alum\u00ednio fundido de pe\u00e7a \u00fanica, que tem uma excelente dissipa\u00e7\u00e3o de calor, prolongando assim a vida \u00fatil das luzes LED.<\/li>\n<li><strong>Outros materiais:<\/strong> O bra\u00e7o grande em liga de tit\u00e2nio n\u00e3o tem soldadura, assegurando que cada \u00e2ngulo \u00e9 de 90\u00b0, o que garante um posicionamento preciso e nenhum desvio da luz sem sombras.<\/li>\n<li><strong>Importado Bra\u00e7o de mola:<\/strong> O bra\u00e7o de mola permite um ajuste vertical flex\u00edvel.<\/li>\n<li><strong>Fonte de luz:<\/strong> A fonte de luz fria LED importada n\u00e3o tem radia\u00e7\u00e3o infravermelha e o seu nano-revestimento assegura uma \u00f3ptima dissipa\u00e7\u00e3o do calor. Isto evita eficazmente a perda de humidade e a infe\u00e7\u00e3o na ferida cir\u00fargica, promovendo uma r\u00e1pida recupera\u00e7\u00e3o p\u00f3s-cir\u00fargica.<\/li>\n<li><strong>Ajuste do brilho:<\/strong> Utiliza um controlo digital cont\u00ednuo do brilho do LED, permitindo aos operadores ajustar o brilho de acordo com as suas prefer\u00eancias.<\/li>\n<li><strong>Ajuste do tamanho do ponto:<\/strong> Possui uma fun\u00e7\u00e3o de di\u00e2metro de ponto foc\u00e1vel.<\/li>\n<li><strong>Fonte de alimenta\u00e7\u00e3o comutada:<\/strong> Utiliza uma fonte de alimenta\u00e7\u00e3o comutada importada para controlar a tens\u00e3o, assegurando que a tens\u00e3o de funcionamento se mant\u00e9m sempre est\u00e1vel.<\/li>\n<li><strong>Cobertura do punho amov\u00edvel:<\/strong> F\u00e1cil de limpar e desinfetar.<\/li>\n<li><strong>Vida \u00fatil da fonte de luz:<\/strong> Vida \u00fatil m\u00e9dia de 50.000 horas.<\/li>\n<li><strong>Efeito sem sombras (um efeito):<\/strong> Quando o feixe \u00e9 bloqueado por um deflector, a ilumina\u00e7\u00e3o no centro do ponto n\u00e3o deve ser inferior a 35% da ilumina\u00e7\u00e3o central.<\/li>\n<li><strong>Efeito sem sombras (Dois baffles):<\/strong> Quando o feixe \u00e9 bloqueado por dois deflectores, a ilumina\u00e7\u00e3o no centro do ponto n\u00e3o deve ser inferior a 38% da ilumina\u00e7\u00e3o central.<\/li>\n<li><strong>Efeito sem sombras (tubo de cavidade profunda):<\/strong> Ilumin\u00e2ncia restante \u2265 70%.<\/li>\n<li><strong>Efeito Shadowless (um deflector e tubo de cavidade profunda):<\/strong> Ilumin\u00e2ncia restante \u2265 32%.<\/li>\n<li><strong>Efeito sem sombras (dois deflectores e tubo de cavidade profunda):<\/strong> Ilumin\u00e2ncia restante \u2265 34%.<\/li>\n<\/ol>\n<div class=\"wpforms-container wpforms-container-full wpforms-render-modern\" id=\"wpforms-1399\"><form id=\"wpforms-form-1399\" class=\"wpforms-validate wpforms-form wpforms-ajax-form\" data-formid=\"1399\" method=\"post\" enctype=\"multipart\/form-data\" action=\"\/pt\/wp-json\/wp\/v2\/product\/1308\" data-token=\"dc59fd6b52978f5f57666518079e96dc\" data-trp-original-action=\"\/pt\/wp-json\/wp\/v2\/product\/1308\"><noscript class=\"wpforms-error-noscript\">Active o JavaScript no seu browser para preencher este formul\u00e1rio.<\/noscript><div class=\"wpforms-hidden\" id=\"wpforms-error-noscript\">Active o JavaScript no seu browser para preencher este formul\u00e1rio.<\/div><div class=\"wpforms-field-container\"><div id=\"wpforms-1399-field_1-container\" class=\"wpforms-field wpforms-field-layout\" data-field-id=\"1\"><label class=\"wpforms-field-label wpforms-label-hide\" for=\"wpforms-1399-field_1\" aria-hidden=\"false\">Disposi\u00e7\u00e3o<\/label><div class=\"wpforms-field-layout-columns wpforms-field-layout-preset-50-50\"><div class=\"wpforms-layout-column wpforms-layout-column-50\"><div id=\"wpforms-1399-field_2-container\" class=\"wpforms-field wpforms-field-name\" data-field-id=\"2\"><label class=\"wpforms-field-label\" for=\"wpforms-1399-field_2\">Nome <span class=\"wpforms-required-label\" aria-hidden=\"true\">*<\/span><\/label><input type=\"text\" id=\"wpforms-1399-field_2\" class=\"wpforms-field-medium wpforms-field-required\" name=\"wpforms[fields][2]\" aria-errormessage=\"wpforms-1399-field_2-error\" required><\/div><div id=\"wpforms-1399-field_5-container\" class=\"wpforms-field wpforms-field-phone\" data-field-id=\"5\"><label class=\"wpforms-field-label\" for=\"wpforms-1399-field_5\">Telefone\/WhatsApp <span class=\"wpforms-required-label\" aria-hidden=\"true\">*<\/span><\/label><input type=\"tel\" id=\"wpforms-1399-field_5\" class=\"wpforms-field-medium wpforms-field-required\" data-rule-int-phone-field=\"true\" name=\"wpforms[fields][5]\" aria-errormessage=\"wpforms-1399-field_5-error\" required><\/div><\/div><div class=\"wpforms-layout-column wpforms-layout-column-50\"><div id=\"wpforms-1399-field_3-container\" class=\"wpforms-field wpforms-field-email\" data-field-id=\"3\"><label class=\"wpforms-field-label\" for=\"wpforms-1399-field_3\">Correio eletr\u00f3nico <span class=\"wpforms-required-label\" aria-hidden=\"true\">*<\/span><\/label><input type=\"email\" id=\"wpforms-1399-field_3\" class=\"wpforms-field-medium wpforms-field-required\" name=\"wpforms[fields][3]\" spellcheck=\"false\" aria-errormessage=\"wpforms-1399-field_3-error\" required><\/div><div id=\"wpforms-1399-field_4-container\" class=\"wpforms-field wpforms-field-text\" data-field-id=\"4\"><label class=\"wpforms-field-label\" for=\"wpforms-1399-field_4\">Inqu\u00e9rito<\/label><input type=\"text\" id=\"wpforms-1399-field_4\" class=\"wpforms-field-medium\" name=\"wpforms[fields][4]\" aria-errormessage=\"wpforms-1399-field_4-error\" ><\/div><\/div><\/div><\/div><\/div><!-- .wpforms-field-container --><div class=\"wpforms-recaptcha-container wpforms-is-turnstile\" ><div class=\"g-recaptcha\" data-sitekey=\"0x4AAAAAAAyrnCk3ccFGBLIG\" data-action=\"FormID-1399\"><\/div><input type=\"text\" name=\"g-recaptcha-hidden\" class=\"wpforms-recaptcha-hidden\" style=\"position:absolute!important;clip:rect(0,0,0,0)!important;height:1px!important;width:1px!important;border:0!important;overflow:hidden!important;padding:0!important;margin:0!important;\" data-rule-turnstile=\"1\"><\/div><div class=\"wpforms-submit-container\" ><input type=\"hidden\" name=\"wpforms[id]\" value=\"1399\"><input type=\"hidden\" name=\"wpforms[author]\" value=\"1\"><button type=\"submit\" name=\"wpforms[submit]\" id=\"wpforms-submit-1399\" class=\"wpforms-submit\" data-alt-text=\"Sending...\" data-submit-text=\"Send Inquiry\" aria-live=\"assertive\" value=\"wpforms-submit\">Enviar inqu\u00e9rito<\/button><img decoding=\"async\" src=\"https:\/\/shkeling.com.cn\/wp-content\/plugins\/wpforms\/assets\/images\/submit-spin.svg\" class=\"wpforms-submit-spinner\" style=\"display: none;\" width=\"26\" height=\"26\" alt=\"Carregamento\"><\/div><input type=\"hidden\" name=\"trp-form-language\" value=\"pt\"\/><\/form><\/div>  <!-- .wpforms-container -->","protected":false},"excerpt":{"rendered":"<div>\n<table border=\"1\" cellspacing=\"0\">\n<tbody>\n<tr>\n<td height=\"20\">Modo<\/td>\n<td height=\"20\">KLO1L-ONE-LED<\/td>\n<\/tr>\n<tr>\n<td height=\"20\">Ilumina\u00e7\u00e3o a 1m\uff08lux\uff09<\/td>\n<td height=\"20\">\u226530000<\/td>\n<\/tr>\n<tr>\n<td height=\"20\">\u00cdndice de restitui\u00e7\u00e3o de cor\uff08Ra\uff09<\/td>\n<td height=\"20\">\u226585%<\/td>\n<\/tr>\n<tr>\n<td height=\"20\">Temperatura de cor\uff08K\uff09<\/td>\n<td height=\"20\">4500\u00b1500<\/td>\n<\/tr>\n<tr>\n<td height=\"20\">Inclinar para a esquerda e para a direita<\/td>\n<td height=\"20\">180\u00b0<\/td>\n<\/tr>\n<tr>\n<td height=\"20\">Inclina\u00e7\u00e3o para a frente e para tr\u00e1s<\/td>\n<td height=\"20\">180\u00b0<\/td>\n<\/tr>\n<tr>\n<td height=\"20\">Dist\u00e2ncia de ajuste da altura\uff08mm\uff09<\/td>\n<td height=\"20\">\u2265400<\/td>\n<\/tr>\n<tr>\n<td height=\"20\">Pot\u00eancia de entrada\uff08VA\uff09<\/td>\n<td height=\"20\">20\u00b110%<\/td>\n<\/tr>\n<\/tbody>\n<\/table>\n<div class=\"wpforms-container wpforms-container-full wpforms-render-modern\" id=\"wpforms-1399\">\n<form id=\"wpforms-form-1399\" class=\"wpforms-validate wpforms-form wpforms-ajax-form\" data-formid=\"1399\" method=\"post\" enctype=\"multipart\/form-data\" action=\"\/pt\/wp-json\/wp\/v2\/product\/1308\" data-token=\"dc59fd6b52978f5f57666518079e96dc\" data-trp-original-action=\"\/pt\/wp-json\/wp\/v2\/product\/1308\"><noscript class=\"wpforms-error-noscript\">Active o JavaScript no seu browser para preencher este formul\u00e1rio.<\/noscript><\/p>\n<div class=\"wpforms-hidden\" id=\"wpforms-error-noscript\">Active o JavaScript no seu browser para preencher este formul\u00e1rio.<\/div>\n<div class=\"wpforms-field-container\">\n<div id=\"wpforms-1399-field_1-container\" class=\"wpforms-field wpforms-field-layout\" data-field-id=\"1\"><label class=\"wpforms-field-label wpforms-label-hide\" for=\"wpforms-1399-field_1\" aria-hidden=\"false\">Disposi\u00e7\u00e3o<\/label><\/p>\n<div class=\"wpforms-field-layout-columns wpforms-field-layout-preset-50-50\">\n<div class=\"wpforms-layout-column wpforms-layout-column-50\">\n<div id=\"wpforms-1399-field_2-container\" class=\"wpforms-field wpforms-field-name\" data-field-id=\"2\"><label class=\"wpforms-field-label\" for=\"wpforms-1399-field_2\">Nome <span class=\"wpforms-required-label\" aria-hidden=\"true\">*<\/span><\/label><input type=\"text\" id=\"wpforms-1399-field_2\" class=\"wpforms-field-medium wpforms-field-required\" name=\"wpforms[fields][2]\" aria-errormessage=\"wpforms-1399-field_2-error\" required><\/div>\n<div id=\"wpforms-1399-field_5-container\" class=\"wpforms-field wpforms-field-phone\" data-field-id=\"5\"><label class=\"wpforms-field-label\" for=\"wpforms-1399-field_5\">Telefone\/WhatsApp <span class=\"wpforms-required-label\" aria-hidden=\"true\">*<\/span><\/label><input type=\"tel\" id=\"wpforms-1399-field_5\" class=\"wpforms-field-medium wpforms-field-required\" data-rule-int-phone-field=\"true\" name=\"wpforms[fields][5]\" aria-errormessage=\"wpforms-1399-field_5-error\" required><\/div>\n<\/div>\n<div class=\"wpforms-layout-column wpforms-layout-column-50\">\n<div id=\"wpforms-1399-field_3-container\" class=\"wpforms-field wpforms-field-email\" data-field-id=\"3\"><label class=\"wpforms-field-label\" for=\"wpforms-1399-field_3\">Correio eletr\u00f3nico <span class=\"wpforms-required-label\" aria-hidden=\"true\">*<\/span><\/label><input type=\"email\" id=\"wpforms-1399-field_3\" class=\"wpforms-field-medium wpforms-field-required\" name=\"wpforms[fields][3]\" spellcheck=\"false\" aria-errormessage=\"wpforms-1399-field_3-error\" required><\/div>\n<div id=\"wpforms-1399-field_4-container\" class=\"wpforms-field wpforms-field-text\" data-field-id=\"4\"><label class=\"wpforms-field-label\" for=\"wpforms-1399-field_4\">Inqu\u00e9rito<\/label><input type=\"text\" id=\"wpforms-1399-field_4\" class=\"wpforms-field-medium\" name=\"wpforms[fields][4]\" aria-errormessage=\"wpforms-1399-field_4-error\" ><\/div>\n<\/div>\n<\/div>\n<\/div>\n<\/div>\n<p><!-- .wpforms-field-container --><\/p>\n<div class=\"wpforms-recaptcha-container wpforms-is-turnstile\" >\n<div class=\"g-recaptcha\" data-sitekey=\"0x4AAAAAAAyrnCk3ccFGBLIG\" data-action=\"FormID-1399\"><\/div>\n<p><input type=\"text\" name=\"g-recaptcha-hidden\" class=\"wpforms-recaptcha-hidden\" style=\"position:absolute!important;clip:rect(0,0,0,0)!important;height:1px!important;width:1px!important;border:0!important;overflow:hidden!important;padding:0!important;margin:0!important;\" data-rule-turnstile=\"1\"><\/div>\n<div class=\"wpforms-submit-container\" ><input type=\"hidden\" name=\"wpforms[id]\" value=\"1399\"><input type=\"hidden\" name=\"wpforms[author]\" value=\"1\"><button type=\"submit\" name=\"wpforms[submit]\" id=\"wpforms-submit-1399\" class=\"wpforms-submit\" data-alt-text=\"Sending...\" data-submit-text=\"Send Inquiry\" aria-live=\"assertive\" value=\"wpforms-submit\">Enviar inqu\u00e9rito<\/button><img decoding=\"async\" src=\"https:\/\/shkeling.com.cn\/wp-content\/plugins\/wpforms\/assets\/images\/submit-spin.svg\" class=\"wpforms-submit-spinner\" style=\"display: none;\" width=\"26\" height=\"26\" alt=\"Carregamento\"><\/div>\n<input type=\"hidden\" name=\"trp-form-language\" value=\"pt\"\/><\/form>\n<\/div>\n<p>  <!-- .wpforms-container --><\/p>\n<\/div>","protected":false},"featured_media":1379,"template":"","meta":{"site-sidebar-layout":"default","site-content-layout":"","ast-site-content-layout":"default","site-content-style":"default","site-sidebar-style":"default","ast-global-header-display":"","ast-banner-title-visibility":"","ast-main-header-display":"","ast-hfb-above-header-display":"","ast-hfb-below-header-display":"","ast-hfb-mobile-header-display":"","site-post-title":"","ast-breadcrumbs-content":"","ast-featured-img":"","footer-sml-layout":"","theme-transparent-header-meta":"","adv-header-id-meta":"","stick-header-meta":"","header-above-stick-meta":"","header-main-stick-meta":"","header-below-stick-meta":"","astra-migrate-meta-layouts":"default","ast-page-background-enabled":"default","ast-page-background-meta":{"desktop":{"background-color":"var(--ast-global-color-5)","background-image":"","background-repeat":"repeat","background-position":"center center","background-size":"auto","background-attachment":"scroll","background-type":"","background-media":"","overlay-type":"","overlay-color":"","overlay-opacity":"","overlay-gradient":""},"tablet":{"background-color":"","background-image":"","background-repeat":"repeat","background-position":"center center","background-size":"auto","background-attachment":"scroll","background-type":"","background-media":"","overlay-type":"","overlay-color":"","overlay-opacity":"","overlay-gradient":""},"mobile":{"background-color":"","background-image":"","background-repeat":"repeat","background-position":"center center","background-size":"auto","background-attachment":"scroll","background-type":"","background-media":"","overlay-type":"","overlay-color":"","overlay-opacity":"","overlay-gradient":""}},"ast-content-background-meta":{"desktop":{"background-color":"var(--ast-global-color-4)","background-image":"","background-repeat":"repeat","background-position":"center center","background-size":"auto","background-attachment":"scroll","background-type":"","background-media":"","overlay-type":"","overlay-color":"","overlay-opacity":"","overlay-gradient":""},"tablet":{"background-color":"var(--ast-global-color-4)","background-image":"","background-repeat":"repeat","background-position":"center center","background-size":"auto","background-attachment":"scroll","background-type":"","background-media":"","overlay-type":"","overlay-color":"","overlay-opacity":"","overlay-gradient":""},"mobile":{"background-color":"var(--ast-global-color-4)","background-image":"","background-repeat":"repeat","background-position":"center center","background-size":"auto","background-attachment":"scroll","background-type":"","background-media":"","overlay-type":"","overlay-color":"","overlay-opacity":"","overlay-gradient":""}}},"product_brand":[],"product_cat":[24],"product_tag":[],"class_list":{"0":"post-1308","1":"product","2":"type-product","3":"status-publish","4":"has-post-thumbnail","6":"product_cat-surgical-light","7":"desktop-align-left","8":"tablet-align-left","9":"mobile-align-left","11":"first","12":"instock","13":"shipping-taxable","14":"product-type-simple"},"_links":{"self":[{"href":"https:\/\/shkeling.com.cn\/pt\/wp-json\/wp\/v2\/product\/1308","targetHints":{"allow":["GET"]}}],"collection":[{"href":"https:\/\/shkeling.com.cn\/pt\/wp-json\/wp\/v2\/product"}],"about":[{"href":"https:\/\/shkeling.com.cn\/pt\/wp-json\/wp\/v2\/types\/product"}],"wp:featuredmedia":[{"embeddable":true,"href":"https:\/\/shkeling.com.cn\/pt\/wp-json\/wp\/v2\/media\/1379"}],"wp:attachment":[{"href":"https:\/\/shkeling.com.cn\/pt\/wp-json\/wp\/v2\/media?parent=1308"}],"wp:term":[{"taxonomy":"product_brand","embeddable":true,"href":"https:\/\/shkeling.com.cn\/pt\/wp-json\/wp\/v2\/product_brand?post=1308"},{"taxonomy":"product_cat","embeddable":true,"href":"https:\/\/shkeling.com.cn\/pt\/wp-json\/wp\/v2\/product_cat?post=1308"},{"taxonomy":"product_tag","embeddable":true,"href":"https:\/\/shkeling.com.cn\/pt\/wp-json\/wp\/v2\/product_tag?post=1308"}],"curies":[{"name":"wp","href":"https:\/\/api.w.org\/{rel}","templated":true}]}}